{"id":10158,"date":"2022-11-10T14:13:39","date_gmt":"2022-11-10T14:13:39","guid":{"rendered":"https:\/\/casinopuma.com\/news\/"},"modified":"2024-01-12T22:11:44","modified_gmt":"2024-01-12T22:11:44","slug":"casino-nachrichten","status":"publish","type":"page","link":"https:\/\/casinopuma.com\/de\/casino-nachrichten\/","title":{"rendered":"Nachrichten"},"content":{"rendered":"\n<h2 class=\"wp-block-heading\">Casino Nachrichten<\/h2>\n\n\n\n<p>Willkommen auf der Nachrichtenseite von <a href=\"https:\/\/casinopuma.com\/de\/\" title=\"Home\">CasinoPuma<\/a>, Ihrer Anlaufstelle f\u00fcr die neuesten Updates, Einblicke und Geschichten \u00fcber Online-Casinos. Hier kuratieren wir eine Sammlung von fesselnden Nachrichtenartikeln zu einer Vielzahl von Themen aus der Casino-Branche. Von aktuellen Casino-Nachrichten bis zu tiefgehenden Analysen ist unser Blog darauf ausgerichtet, Sie informiert und engagiert zu halten. <\/p>\n\n\n\n<p>Entdecken Sie interessante Artikel, die verschiedene Kategorien abdecken und Ihnen eine umfassende Perspektive zu aktuellen Casino-Ereignissen, Trends und bemerkenswerten Ereignissen bieten. Bleiben Sie mit uns in Verbindung, w\u00e4hrend wir uns bem\u00fchen, Ihnen zeitnahe und relevante Inhalte zu bieten, die wichtig sind. Schauen Sie regelm\u00e4\u00dfig vorbei, um frische und aufschlussreiche Artikel zu erhalten, die unser Engagement f\u00fcr Nachrichten widerspiegeln, die informieren und inspirieren.<\/p>\n","protected":false},"excerpt":{"rendered":"<p>Casino Nachrichten Willkommen auf der Nachrichtenseite von CasinoPuma, Ihrer Anlaufstelle f\u00fcr die neuesten Updates, Einblicke und Geschichten \u00fcber Online-Casinos. Hier kuratieren wir eine Sammlung von fesselnden Nachrichtenartikeln zu einer Vielzahl von Themen aus der Casino-Branche. Von aktuellen Casino-Nachrichten bis zu tiefgehenden Analysen ist unser Blog darauf ausgerichtet, Sie informiert und engagiert zu halten. Entdecken Sie [&hellip;]<\/p>\n","protected":false},"author":2,"featured_media":0,"parent":0,"menu_order":0,"comment_status":"closed","ping_status":"closed","template":"page-blog.php","meta":{"_acf_changed":false,"footnotes":""},"class_list":["post-10158","page","type-page","status-publish","hentry"],"acf":[],"aioseo_notices":[],"_links":{"self":[{"href":"https:\/\/casinopuma.com\/de\/wp-json\/wp\/v2\/pages\/10158","targetHints":{"allow":["GET"]}}],"collection":[{"href":"https:\/\/casinopuma.com\/de\/wp-json\/wp\/v2\/pages"}],"about":[{"href":"https:\/\/casinopuma.com\/de\/wp-json\/wp\/v2\/types\/page"}],"author":[{"embeddable":true,"href":"https:\/\/casinopuma.com\/de\/wp-json\/wp\/v2\/users\/2"}],"replies":[{"embeddable":true,"href":"https:\/\/casinopuma.com\/de\/wp-json\/wp\/v2\/comments?post=10158"}],"version-history":[{"count":2,"href":"https:\/\/casinopuma.com\/de\/wp-json\/wp\/v2\/pages\/10158\/revisions"}],"predecessor-version":[{"id":12792,"href":"https:\/\/casinopuma.com\/de\/wp-json\/wp\/v2\/pages\/10158\/revisions\/12792"}],"wp:attachment":[{"href":"https:\/\/casinopuma.com\/de\/wp-json\/wp\/v2\/media?parent=10158"}],"curies":[{"name":"wp","href":"https:\/\/api.w.org\/{rel}","templated":true}]}}