{"id":3914,"date":"2023-06-09T20:58:52","date_gmt":"2023-06-09T20:58:52","guid":{"rendered":"https:\/\/casinopuma.com\/1xbet-casino-promo-code\/"},"modified":"2024-02-12T23:16:41","modified_gmt":"2024-02-12T23:16:41","slug":"1xbet-casino-aktionscode","status":"publish","type":"page","link":"https:\/\/casinopuma.com\/de\/1xbet-casino-aktionscode\/","title":{"rendered":"1xBet Casino Aktionscode"},"content":{"rendered":"\n<!DOCTYPE html>\n<html>\n<head>\n\t<style>\n\t\th1#current-date {\n\t\t\ttext-align: center;\n\t\t}\n\t<\/style>\n\t<script>\n\t\t\/\/ Get the current month and year\n\t\tvar date = new Date();\n\t\tvar month = date.toLocaleString('default', { month: 'long' });\n\t\tvar year = date.getFullYear();\n\t\t\n\t\t\/\/ Update the month and year element\n\t\twindow.onload = function() {\n\t\t\tdocument.getElementById('current-month').innerHTML = month;\n\t\t\tdocument.getElementById('current-year').innerHTML = year;\n\t\t};\n\t<\/script>\n<\/head>\n<body>\n\t<p><h1 id=\"current-date\">1xBet Casino Aktionscode <span id=\"current-month\"><\/span> <span id=\"current-year\"><\/span><\/h1><\/p>\n<\/body>\n<\/html>\n\n\n\n\n\n\n<h2 class=\"wp-block-heading\">Schalten Sie aufregende Gewinne mit dem PUMAVIP-Promo-Code von 1xBet Casino frei<\/h2>\n\n\n\n<p>Aktivieren Sie Ihr 1xBet Casino Aktionscode. Entdecken Sie eine Welt voller spektakul\u00e4rer Spielerlebnisse auf der <a href=\"https:\/\/casinopuma.com\/casino\/1xbet-casino\/\" title=\"1xBet Spielbank\">1xBet Spielbank<\/a>, in der Nervenkitzel, Unterhaltung und potenzielle Gewinne zu einem unvergesslichen Erlebnis vereinen. Durch die Nutzung der Kraft des PUMAVIP-Promo-Codes haben neue Spieler eine exklusive Chance, ihre Reise mit einem unwiderstehlichen Willkommensangebot von bis zu 1500 \u20ac und 150 Freispielen zu beginnen!<\/p>\n\n\n\n<h3 class=\"wp-block-heading\">1xBet: Erleben Sie Top-Spiele mit dem PUMAVIP Code<\/h3>\n\n\n\n<p>Als f\u00fchrendes Online-Casino wird 1xBet f\u00fcr sein umfangreiches Angebot an Spielen und seine unvergleichliche Spielumgebung gefeiert. Jetzt, mit dem PUMAVIP Promo-Code, ist es einfacher denn je, in dieses Universum des Gewinnpotenzials einzutauchen.<\/p>\n\n\n\n<figure class=\"wp-block-table is-style-stripes\"><table><tbody><tr><td><strong>1xBet Casino Aktionscode<\/strong><\/td><td><strong>Gutscheincode: PUMAVIP  <\/strong><\/td><\/tr><tr><td><strong>Willkommensangebot mit dem Promo-Code:  <\/strong><\/td><td><strong>Bis zu 1500 \u20ac plus 150 Freispiele<\/strong><\/td><\/tr><\/tbody><\/table><\/figure>\n\n\n\n<h3 class=\"wp-block-heading\">PUMAVIP-Promo-Code<\/h3>\n\n\n\n<p>Der PUMAVIP-Promo-Code ist Ihre Eintrittskarte, um einen massiven Willkommensbonus zu beanspruchen, der unglaubliche 1500 \u20ac erreichen kann! Stellen Sie sich die endlosen M\u00f6glichkeiten vor, zu spielen und zu gewinnen, was Ihre Chancen erh\u00f6ht, neue Spiele auszuprobieren oder die zu meistern, die Sie lieben. Es geht auch nicht nur um das potenzielle Geld &#8211; es geht um die Zeit, die Strategie und die schiere Freude am Spielen, die alle mit diesem betr\u00e4chtlichen Bonus erweitert und verbessert werden.<\/p>\n\n\n\n<p>Aber es geht nicht nur um das Geld. Als Teil dieses un\u00fcbertroffenen Willkommenspakets bietet 1XBet zus\u00e4tzliche 150 Freispiele. Egal, ob Sie ein erfahrener Slot-Enthusiast oder ein neugieriger Neuling sind, diese Freispiele sind eine hervorragende Gelegenheit, die Walzen Ihrer Lieblings-Slots zu drehen, ohne Ihr eigenes Geld zu riskieren. Es ist ein zus\u00e4tzlicher Nervenkitzel, der Ihr Spielabenteuer verl\u00e4ngert und dem Mix eine weitere Ebene der Aufregung hinzuf\u00fcgt.<\/p>\n\n\n\n<figure class=\"wp-block-image size-full\"><img decoding=\"async\" src=\"data:image\/gif;base64,R0lGODlhAQABAIAAAAAAAP\/\/\/yH5BAEAAAAALAAAAAABAAEAAAIBRAA7\" data-src=\"https:\/\/casinopuma.com\/wp-content\/uploads\/2023\/06\/1xbet-casino.jpg\" alt=\"1xBet Casino Aktionscode\" class=\"wp-image-3274 lazyload\"\/><noscript><img decoding=\"async\" width=\"1024\" height=\"544\" src=\"https:\/\/casinopuma.com\/wp-content\/uploads\/2023\/06\/1xbet-casino.jpg\" alt=\"1xBet Casino Aktionscode\" class=\"wp-image-3274 lazyload\" srcset=\"https:\/\/casinopuma.com\/wp-content\/uploads\/2023\/06\/1xbet-casino.jpg 1024w, https:\/\/casinopuma.com\/wp-content\/uploads\/2023\/06\/1xbet-casino-300x159.jpg 300w, https:\/\/casinopuma.com\/wp-content\/uploads\/2023\/06\/1xbet-casino-768x408.jpg 768w, https:\/\/casinopuma.com\/wp-content\/uploads\/2023\/06\/1xbet-casino-18x10.jpg 18w, https:\/\/casinopuma.com\/wp-content\/uploads\/2023\/06\/1xbet-casino-75x40.jpg 75w, https:\/\/casinopuma.com\/wp-content\/uploads\/2023\/06\/1xbet-casino-60x32.jpg 60w, https:\/\/casinopuma.com\/wp-content\/uploads\/2023\/06\/1xbet-casino-151x80.jpg 151w, https:\/\/casinopuma.com\/wp-content\/uploads\/2023\/06\/1xbet-casino-254x135.jpg 254w\" sizes=\"(max-width: 1024px) 100vw, 1024px\" \/><\/noscript><\/figure>\n\n\n\n<p>Der PUMAVIP-Promo-Code von 1xBet Casino wurde entwickelt, um Ihre Gewinnreise auf die vorteilhafteste Art und Weise zu beginnen. Die Sch\u00f6nheit dieses Promo-Codes liegt nicht nur in seinem gro\u00dfz\u00fcgigen Angebot, sondern auch in seiner einfachen Bedienung. In dem Moment, in dem Sie sich anmelden und den PUMAVIP-Promo-Code eingeben, schalten Sie Ihren Willkommensbonus frei. Es ist unkompliziert, sofort und es geht darum, Ihr Online-Spielerlebnis zu verbessern.<\/p>\n\n\n\n<p>Vor allem garantiert das 1xBet Casino eine sichere Spielumgebung. Sie setzen sich daf\u00fcr ein, dass Ihr Online-Gl\u00fccksspielerlebnis so reibungslos und sorgenfrei wie m\u00f6glich verl\u00e4uft, damit Sie sich darauf konzentrieren k\u00f6nnen, die Spiele zu genie\u00dfen und Ihre Strategie zu optimieren.<\/p>\n\n\n\n<p>Zusammenfassend l\u00e4sst sich sagen, dass Sie, wenn Sie auf der Suche nach einem ansprechenden, potenziell lohnenden und hochgradig immersiven Online-Casino-Erlebnis sind, diese Gelegenheit nicht verpassen sollten. Melden Sie sich bei 1xBet Casino an, verwenden Sie den PUMAVIP-Promo-Code und lassen Sie Ihre Reise des aufregenden Online-Gl\u00fccksspiels mit einem Knall beginnen. Nutzen Sie den gro\u00dfz\u00fcgigen Bonus von 1500 \u20ac und 150 Freispiele, um eine Welt voller aufregender Spiele und potenzieller Gewinne zu erkunden. Denken Sie daran, dass mit 1xBet und dem PUMAVIP-Promo-Code Ihr Online-Gaming-Abenteuer jetzt noch aufregender wird.<\/p>\n\n\n\n<p>Hinweis: Es gelten die Allgemeinen Gesch\u00e4ftsbedingungen. Bitte spielen Sie verantwortungsbewusst. Nur 18+.<\/p>\n","protected":false},"excerpt":{"rendered":"<p>1xBet Casino Aktionscode Schalten Sie aufregende Gewinne mit dem PUMAVIP-Promo-Code von 1xBet Casino frei Aktivieren Sie Ihr 1xBet Casino Aktionscode. Entdecken Sie eine Welt voller spektakul\u00e4rer Spielerlebnisse auf der 1xBet Spielbank, in der Nervenkitzel, Unterhaltung und potenzielle Gewinne zu einem unvergesslichen Erlebnis vereinen. Durch die Nutzung der Kraft des PUMAVIP-Promo-Codes haben neue Spieler eine exklusive [&hellip;]<\/p>\n","protected":false},"author":2,"featured_media":0,"parent":0,"menu_order":0,"comment_status":"closed","ping_status":"closed","template":"page-without-title.php","meta":{"_acf_changed":false,"footnotes":""},"class_list":["post-3914","page","type-page","status-publish","hentry"],"acf":[],"aioseo_notices":[],"_links":{"self":[{"href":"https:\/\/casinopuma.com\/de\/wp-json\/wp\/v2\/pages\/3914","targetHints":{"allow":["GET"]}}],"collection":[{"href":"https:\/\/casinopuma.com\/de\/wp-json\/wp\/v2\/pages"}],"about":[{"href":"https:\/\/casinopuma.com\/de\/wp-json\/wp\/v2\/types\/page"}],"author":[{"embeddable":true,"href":"https:\/\/casinopuma.com\/de\/wp-json\/wp\/v2\/users\/2"}],"replies":[{"embeddable":true,"href":"https:\/\/casinopuma.com\/de\/wp-json\/wp\/v2\/comments?post=3914"}],"version-history":[{"count":8,"href":"https:\/\/casinopuma.com\/de\/wp-json\/wp\/v2\/pages\/3914\/revisions"}],"predecessor-version":[{"id":14333,"href":"https:\/\/casinopuma.com\/de\/wp-json\/wp\/v2\/pages\/3914\/revisions\/14333"}],"wp:attachment":[{"href":"https:\/\/casinopuma.com\/de\/wp-json\/wp\/v2\/media?parent=3914"}],"curies":[{"name":"wp","href":"https:\/\/api.w.org\/{rel}","templated":true}]}}