{"id":5859,"date":"2023-02-27T01:09:20","date_gmt":"2023-02-27T01:09:20","guid":{"rendered":"https:\/\/casinopuma.com\/ueber-casinopuma\/"},"modified":"2023-10-29T06:28:08","modified_gmt":"2023-10-29T06:28:08","slug":"uber-casinopuma","status":"publish","type":"page","link":"https:\/\/casinopuma.com\/de\/uber-casinopuma\/","title":{"rendered":"\u00dcber CasinoPuma"},"content":{"rendered":"\n<p>Willkommen bei Casinopuma, der ultimativen Online-Casino-Vergleichs- und Bewertungsplattform. Unser erfahrenes Team von Branchenexperten bietet Ihnen umfassende Informationen \u00fcber die besten Online-Casino-Marken aus der ganzen Welt. Entdecken, vergleichen und treffen Sie fundierte Entscheidungen, um das perfekte Online-Casino-Erlebnis zu finden, das auf Ihre Vorlieben zugeschnitten ist.<\/p>\n\n<p>Bei <a href=\"https:\/\/casinopuma.com\/de\/\" title=\"Heim\">Casinopuma<\/a> verstehen wir die Aufregung und den Nervenkitzel, die mit Online-Gl\u00fccksspielen einhergehen. Unsere Mission ist es, Ihre vertrauensw\u00fcrdige Quelle f\u00fcr unvoreingenommene Bewertungen, eingehende Analysen und die neuesten Informationen \u00fcber Online-Casinos zu sein. Mit unserer langj\u00e4hrigen Erfahrung in der Casino-Branche bieten wir Ihnen die Einblicke, die Sie ben\u00f6tigen, um eine sichere, zuverl\u00e4ssige und unterhaltsame Spielumgebung zu w\u00e4hlen.<\/p>\n\n<p>Sehen Sie sich unsere detaillierten Casino-Bewertungen an, in denen wir Faktoren wie Spielauswahl, Benutzeroberfl\u00e4che, Kundensupport, Zahlungsmethoden, Sicherheit und Lizenzierung analysieren. Unsere Experten lassen nichts unversucht, um sicherzustellen, dass Sie \u00fcber alle notwendigen Informationen verf\u00fcgen, um eine fundierte Entscheidung zu treffen. Wir bewerten und heben auch die Boni und Werbeaktionen hervor, die von jedem Casino angeboten werden, einschlie\u00dflich Willkommensboni, Einzahlungsboni, Freispiele und Treueprogramme.<\/p>\n\n<p>Bei Casinopuma glauben wir an Transparenz und die Bereitstellung wertvoller Ressourcen, um Ihr Spielerlebnis zu verbessern. Egal, ob Sie ein erfahrener Spieler oder neu im Online-Gl\u00fccksspiel sind, unsere benutzerfreundliche Oberfl\u00e4che und unsere umfassenden Bewertungen erm\u00f6glichen es Ihnen, die besten Entscheidungen basierend auf Ihren Vorlieben zu treffen.<\/p>\n\n<p>Begleiten Sie uns auf dieser aufregenden Reise, w\u00e4hrend wir Ihnen die neuesten Erkenntnisse, Strategien und Empfehlungen zur Maximierung Ihres Online-Casino-Erlebnisses bieten. Entdecken Sie die besten Online-Casinos, vergleichen Sie Boni und schalten Sie den Nervenkitzel des Gewinnens frei. Casinopuma ist Ihr treuer Begleiter in der Welt der Online-Casinos.<\/p>\n","protected":false},"excerpt":{"rendered":"<p>Willkommen bei Casinopuma, der ultimativen Online-Casino-Vergleichs- und Bewertungsplattform. Unser erfahrenes Team von Branchenexperten bietet Ihnen umfassende Informationen \u00fcber die besten Online-Casino-Marken aus der ganzen Welt. Entdecken, vergleichen und treffen Sie fundierte Entscheidungen, um das perfekte Online-Casino-Erlebnis zu finden, das auf Ihre Vorlieben zugeschnitten ist. Bei Casinopuma verstehen wir die Aufregung und den Nervenkitzel, die mit [&hellip;]<\/p>\n","protected":false},"author":2,"featured_media":0,"parent":0,"menu_order":0,"comment_status":"closed","ping_status":"closed","template":"page-no-sidebar.php","meta":{"_acf_changed":false,"footnotes":""},"class_list":["post-5859","page","type-page","status-publish","hentry"],"acf":[],"aioseo_notices":[],"_links":{"self":[{"href":"https:\/\/casinopuma.com\/de\/wp-json\/wp\/v2\/pages\/5859","targetHints":{"allow":["GET"]}}],"collection":[{"href":"https:\/\/casinopuma.com\/de\/wp-json\/wp\/v2\/pages"}],"about":[{"href":"https:\/\/casinopuma.com\/de\/wp-json\/wp\/v2\/types\/page"}],"author":[{"embeddable":true,"href":"https:\/\/casinopuma.com\/de\/wp-json\/wp\/v2\/users\/2"}],"replies":[{"embeddable":true,"href":"https:\/\/casinopuma.com\/de\/wp-json\/wp\/v2\/comments?post=5859"}],"version-history":[{"count":1,"href":"https:\/\/casinopuma.com\/de\/wp-json\/wp\/v2\/pages\/5859\/revisions"}],"predecessor-version":[{"id":5861,"href":"https:\/\/casinopuma.com\/de\/wp-json\/wp\/v2\/pages\/5859\/revisions\/5861"}],"wp:attachment":[{"href":"https:\/\/casinopuma.com\/de\/wp-json\/wp\/v2\/media?parent=5859"}],"curies":[{"name":"wp","href":"https:\/\/api.w.org\/{rel}","templated":true}]}}