{"id":5892,"date":"2023-03-03T20:13:23","date_gmt":"2023-03-03T20:13:23","guid":{"rendered":"https:\/\/casinopuma.com\/allgemeine-geschaeftsbedingungen\/"},"modified":"2023-10-29T06:35:27","modified_gmt":"2023-10-29T06:35:27","slug":"allgemeine-geschaeftsbedingungen","status":"publish","type":"page","link":"https:\/\/casinopuma.com\/de\/allgemeine-geschaeftsbedingungen\/","title":{"rendered":"Allgemeine Gesch\u00e4ftsbedingungen"},"content":{"rendered":"\n<p>Nutzungsbedingungen der CasinoPuma Webseite<\/p>\n\n<p>Diese Nutzungsbedingungen (die &#8222;Bedingungen&#8220;) regeln die gegenseitigen Rechte und Pflichten, die mit der Nutzung der CasinoPuma.com Website (die &#8222;Website&#8220;) durch die Benutzer (als &#8222;Benutzer&#8220; oder &#8222;Sie&#8220; bezeichnet) verbunden sind. Wir behalten uns das Recht vor, diese Bedingungen ohne vorherige Ank\u00fcndigung zu \u00e4ndern. Alle \u00c4nderungen werden auf der Website ver\u00f6ffentlicht und den Nutzern gegebenenfalls per E-Mail mitgeteilt.<\/p>\n\n<p>Definitionen<br\/>1.1. Gro\u00dfgeschriebene Begriffe, die in diesen Bedingungen verwendet werden, haben die folgenden Bedeutungen:<\/p>\n\n<p>&#8222;Website&#8220; bezieht sich auf https:\/\/casinopuma.com\/ und seine lokalisierten Versionen, die in andere Sprachen \u00fcbersetzt wurden und unter Subdomains verf\u00fcgbar sind.<br\/>Pluralpronomen der ersten Person wie &#8222;Wir&#8220;, &#8222;Uns&#8220; oder &#8222;Unser&#8220; beziehen sich auf den Betreiber der Website.<br\/>&#8222;Nutzer&#8220; bezieht sich auf eine nat\u00fcrliche oder juristische Person, die auf die Website zugreift und sie nutzt. Benutzer werden auch mit Pronomen der zweiten Person wie &#8222;Sie&#8220; oder &#8222;Ihr&#8220; bezeichnet.<br\/>&#8222;Datenschutzrichtlinie&#8220; und &#8222;Datenschutzrichtlinie&#8220; beziehen sich auf die in Abschnitt 5 dieser Bedingungen angegebenen Richtlinien f\u00fcr personenbezogene Daten und den Schutz der Privatsph\u00e4re der Website.<br\/>&#8222;Daten&#8220; bezieht sich auf alle Informationen, die ein Benutzer auf der Website \u00fcbermittelt.<br\/>&#8222;Cookie&#8220; ist eine kurze Textdatei, die von der Website oder Dritten beim Zugriff auf die Website auf Ihrem Computer abgelegt wird.<br\/>&#8222;Datenschutzgesetze&#8220; beziehen sich auf alle anwendbaren Gesetze in Bezug auf die Verarbeitung personenbezogener Daten, einschlie\u00dflich der Richtlinie 95\/46\/EG oder der DSGVO, sowie auf alle nationalen Umsetzungsgesetze oder -vorschriften.<br\/>&#8222;DSGVO&#8220; bezieht sich auf die Datenschutz-Grundverordnung (EU) 2016\/679.<br\/>&#8222;EU-Cookie-Gesetz&#8220; bezieht sich auf die Richtlinie 2002\/58\/EG des Europ\u00e4ischen Parlaments und des Rates vom 12. Juli 2002, ge\u00e4ndert in den Jahren 2006 und 2009.<br\/>&#8222;Nutzergenerierte Inhalte&#8220; bezieht sich auf alle schriftlichen Inhalte, Bilder, Videos und andere Formen von Inhalten, die von einem Nutzer auf der Website ver\u00f6ffentlicht werden.<br\/><br\/><strong>Allgemeine Gesch\u00e4ftsbedingungen<br\/><\/strong>2.1. Die Website dient als Anbieter unabh\u00e4ngiger Informationen und Anleitungen f\u00fcr Personen, die daran interessiert sind, mit Online-Casinos zu spielen, und ist kein Anbieter von Online-Gl\u00fccksspieldiensten. Alle auf der Website bereitgestellten Informationen haben nur informativen Charakter und sollten unter keinen Umst\u00e4nden als Rechtsberatung angesehen werden.<\/p>\n\n<p>2.2. Wir unternehmen alle Anstrengungen, um sicherzustellen, dass die auf der Website ver\u00f6ffentlichten Informationen korrekt sind, aber aufgrund der sich st\u00e4ndig \u00e4ndernden Umgebung des Online-Gl\u00fccksspiels k\u00f6nnen wir die Richtigkeit der auf der Website pr\u00e4sentierten Informationen nicht garantieren. Wir \u00fcbernehmen keine Haftung f\u00fcr Sch\u00e4den, die sich aus der Nutzung der auf der Website enthaltenen Informationen ergeben.<\/p>\n\n<p>2.3. Die Website enth\u00e4lt Links zu externen Websites Dritter. Die Website hat keinen Einfluss auf den Inhalt solcher Websites Dritter und \u00fcbernimmt keine Haftung f\u00fcr diese Inhalte. Wir empfehlen Ihnen, alle Nutzungsbedingungen der Websites Dritter gr\u00fcndlich zu lesen, bevor Sie an Gl\u00fccksspielaktivit\u00e4ten teilnehmen.<\/p>\n\n<p>2.4. Durch den Zugriff auf und die Nutzung der Website erkl\u00e4rt sich der Nutzer mit diesen Bedingungen und der Datenschutzrichtlinie einverstanden und best\u00e4tigt das Verst\u00e4ndnis und die Zustimmung zur Einhaltung dieser Bedingungen und der Datenschutzrichtlinie.<\/p>\n\n<p>2.5. Wir m\u00f6chten die Nutzer als betroffene Personen, deren personenbezogene Daten \u00fcber die Website verarbeitet werden, dar\u00fcber informieren, dass sie durch ihre Zustimmung zum Wortlaut der Datenschutzrichtlinie auch mehrere Einwilligungen in die Verarbeitung ihrer personenbezogenen Daten erteilen, die f\u00fcr die korrekte Nutzung der Website in \u00dcbereinstimmung mit diesen Bedingungen erforderlich sind. Weitere Informationen zur Verarbeitung der Daten der Nutzer finden Sie in Abschnitt 5 dieser Bedingungen.<\/p>\n\n<p>2.6. Mit dem Zugriff auf die Website best\u00e4tigt der Nutzer, der eine nat\u00fcrliche Person ist, mindestens 18 Jahre alt und voll gesch\u00e4ftsf\u00e4hig zu sein. Der Zugriff auf die Website ist auf Personen unter 18 Jahren oder unter dem Alter beschr\u00e4nkt, in dem Online-Gl\u00fccksspiele in der Gerichtsbarkeit des Benutzers verboten sind. Es liegt in der Verantwortung des Nutzers, die Einhaltung der gesetzlichen Altersanforderungen und aller geltenden Gesetze und Vorschriften in seiner Gerichtsbarkeit in Bezug auf Online-Gl\u00fccksspiele sicherzustellen.<\/p>\n\n<p>2.7. Der Nutzer verpflichtet sich, die Website nicht f\u00fcr illegale oder nicht autorisierte Zwecke zu nutzen und bei der Nutzung der Website alle geltenden Gesetze und Vorschriften einzuhalten.<\/p>\n\n<p>2.8. Der Nutzer erkennt an, dass die Website von Zeit zu Zeit aufgrund von Wartungsarbeiten, technischen Problemen oder anderen Gr\u00fcnden nicht verf\u00fcgbar sein kann. Wir bem\u00fchen uns, Unterbrechungen so gering wie m\u00f6glich zu halten, k\u00f6nnen jedoch keinen ununterbrochenen Zugriff auf die Website garantieren.<\/p>\n\n<p>2.9. Der Nutzer ist allein daf\u00fcr verantwortlich, die Vertraulichkeit seiner Kontoinformationen, einschlie\u00dflich seines Benutzernamens und Passworts, zu wahren. Der Nutzer verpflichtet sich, uns unverz\u00fcglich \u00fcber jede unbefugte Nutzung seines Kontos oder jede andere Sicherheitsverletzung zu informieren.<\/p>\n\n<p>2.10. Wir behalten uns das Recht vor, den Zugriff des Nutzers auf die Website jederzeit und ohne Angabe von Gr\u00fcnden ohne vorherige Ank\u00fcndigung oder Haftung auszusetzen, zu beenden oder einzuschr\u00e4nken.<\/p>\n\n<p>2.11. Der Nutzer erkennt an und stimmt zu, dass die Nutzung der Website auf eigenes Risiko erfolgt. Wir garantieren nicht, dass die Website fehlerfrei, sicher oder st\u00e4ndig verf\u00fcgbar ist. Der Nutzer erkl\u00e4rt sich damit einverstanden, die Website nach eigenem Ermessen zu nutzen, und \u00fcbernimmt die volle Verantwortung f\u00fcr alle Folgen, die sich aus der Nutzung der Website ergeben k\u00f6nnen.<\/p>\n\n<p>2.12. Diese Bedingungen stellen die gesamte Vereinbarung zwischen dem Nutzer und uns in Bezug auf die Nutzung der Website dar und ersetzen alle vorherigen Vereinbarungen oder Absprachen.<\/p>\n\n<ol class=\"wp-block-list\" start=\"3\">\n<li><strong>Geistiges Eigentum<\/strong><\/li>\n<\/ol>\n\n<p>3.1. Alle geistigen Eigentumsrechte, einschlie\u00dflich Urheberrechte, Marken und Logos, die auf der Website angezeigt werden, geh\u00f6ren uns oder unseren Lizenzgebern. Der Nutzer verpflichtet sich, das geistige Eigentum nicht ohne unsere vorherige schriftliche Zustimmung zu verwenden, zu vervielf\u00e4ltigen oder zu verbreiten.<\/p>\n\n<p>3.2. Der Nutzer darf eine einzelne Kopie des Inhalts der Website f\u00fcr den pers\u00f6nlichen, nicht kommerziellen Gebrauch ausdrucken oder herunterladen, vorausgesetzt, dass er alle Urheberrechts- und sonstigen Eigentumshinweise beibeh\u00e4lt.<\/p>\n\n<ol class=\"wp-block-list\" start=\"4\">\n<li><strong>Haftungsbeschr\u00e4nkung<\/strong><\/li>\n<\/ol>\n\n<p>4.1. Soweit gesetzlich zul\u00e4ssig, lehnen wir alle ausdr\u00fccklichen oder stillschweigenden Gew\u00e4hrleistungen, Zusicherungen oder Garantien in Bezug auf die Richtigkeit, Zuverl\u00e4ssigkeit oder Vollst\u00e4ndigkeit der Informationen auf der Website ab.<\/p>\n\n<p>4.2. Wir haften nicht f\u00fcr direkte, indirekte, zuf\u00e4llige, Folge- oder Strafsch\u00e4den, die sich aus der Nutzung oder Unm\u00f6glichkeit der Nutzung der Website durch den Benutzer ergeben, einschlie\u00dflich, aber nicht beschr\u00e4nkt auf Fehler, Auslassungen, Unterbrechungen, Defekte, Verz\u00f6gerungen, Computerviren oder Datenverlust.<\/p>\n\n<p>4.3. Der Nutzer erkl\u00e4rt sich damit einverstanden, uns von allen Anspr\u00fcchen, Verlusten, Sch\u00e4den, Verbindlichkeiten und Ausgaben (einschlie\u00dflich Anwaltskosten) freizustellen und schadlos zu halten, die sich aus der Nutzung der Website oder einem Versto\u00df gegen diese Bedingungen ergeben.<\/p>\n\n<ol class=\"wp-block-list\" start=\"5\">\n<li><strong>Datenschutzrichtlinie<\/strong><\/li>\n<\/ol>\n\n<p>Die Privatsph\u00e4re des Nutzers ist uns wichtig. Unsere Datenschutzrichtlinie beschreibt, wie wir die vom Nutzer bereitgestellten personenbezogenen Daten erheben, verwenden und sch\u00fctzen. Durch die Nutzung der Website erkl\u00e4rt sich der Nutzer mit den Bedingungen der Datenschutzrichtlinie einverstanden.<\/p>\n\n<p>Bitte beachten Sie, dass diese Bedingungen als allgemeine \u00dcbersicht dienen und nicht als Rechtsberatung zu verstehen sind. Es wird empfohlen, sich an einen Anwalt zu wenden, um eine spezifische Rechtsberatung im Zusammenhang mit der Nutzung der CasinoPuma-Website zu erhalten.<\/p>\n","protected":false},"excerpt":{"rendered":"<p>Nutzungsbedingungen der CasinoPuma Webseite Diese Nutzungsbedingungen (die &#8222;Bedingungen&#8220;) regeln die gegenseitigen Rechte und Pflichten, die mit der Nutzung der CasinoPuma.com Website (die &#8222;Website&#8220;) durch die Benutzer (als &#8222;Benutzer&#8220; oder &#8222;Sie&#8220; bezeichnet) verbunden sind. Wir behalten uns das Recht vor, diese Bedingungen ohne vorherige Ank\u00fcndigung zu \u00e4ndern. Alle \u00c4nderungen werden auf der Website ver\u00f6ffentlicht und den [&hellip;]<\/p>\n","protected":false},"author":2,"featured_media":0,"parent":0,"menu_order":0,"comment_status":"closed","ping_status":"closed","template":"","meta":{"_acf_changed":false,"footnotes":""},"class_list":["post-5892","page","type-page","status-publish","hentry"],"acf":[],"aioseo_notices":[],"_links":{"self":[{"href":"https:\/\/casinopuma.com\/de\/wp-json\/wp\/v2\/pages\/5892","targetHints":{"allow":["GET"]}}],"collection":[{"href":"https:\/\/casinopuma.com\/de\/wp-json\/wp\/v2\/pages"}],"about":[{"href":"https:\/\/casinopuma.com\/de\/wp-json\/wp\/v2\/types\/page"}],"author":[{"embeddable":true,"href":"https:\/\/casinopuma.com\/de\/wp-json\/wp\/v2\/users\/2"}],"replies":[{"embeddable":true,"href":"https:\/\/casinopuma.com\/de\/wp-json\/wp\/v2\/comments?post=5892"}],"version-history":[{"count":3,"href":"https:\/\/casinopuma.com\/de\/wp-json\/wp\/v2\/pages\/5892\/revisions"}],"predecessor-version":[{"id":6004,"href":"https:\/\/casinopuma.com\/de\/wp-json\/wp\/v2\/pages\/5892\/revisions\/6004"}],"wp:attachment":[{"href":"https:\/\/casinopuma.com\/de\/wp-json\/wp\/v2\/media?parent=5892"}],"curies":[{"name":"wp","href":"https:\/\/api.w.org\/{rel}","templated":true}]}}