{"id":5941,"date":"2023-03-03T20:12:58","date_gmt":"2023-03-03T20:12:58","guid":{"rendered":"https:\/\/casinopuma.com\/cookie-richtlinie\/"},"modified":"2023-10-29T06:32:04","modified_gmt":"2023-10-29T06:32:04","slug":"cookie-richtlinie","status":"publish","type":"page","link":"https:\/\/casinopuma.com\/de\/cookie-richtlinie\/","title":{"rendered":"Cookie-Richtlinie"},"content":{"rendered":"\n<p>In dieser Cookie-Richtlinie wird erl\u00e4utert, wie Casinopuma.com (&#8222;wir&#8220;, &#8222;uns&#8220; oder &#8222;unser&#8220;) Cookies und \u00e4hnliche Tracking-Technologien auf unserer Website verwendet. Durch die weitere Nutzung unserer Website stimmen Sie der Verwendung von Cookies zu, wie in dieser Richtlinie beschrieben.<\/p>\n\n<p>Was sind Cookies?<\/p>\n\n<p>Cookies sind kleine Textdateien, die auf Ihrem Endger\u00e4t (Computer, Smartphone oder Tablet) gespeichert werden, wenn Sie unsere Website besuchen. Sie erm\u00f6glichen es uns, Ihr Ger\u00e4t zu erkennen und ein personalisierteres Surferlebnis zu bieten.<br\/>Arten von Cookies, die wir verwenden:<\/p>\n\n<p>Notwendige Cookies: Diese Cookies sind f\u00fcr das Funktionieren unserer Website erforderlich und k\u00f6nnen nicht deaktiviert werden. Sie erm\u00f6glichen die Kernfunktionen der Website und sichern Ihr Surferlebnis.<br\/>Analyse-Cookies: Wir verwenden Analyse-Cookies, um Informationen dar\u00fcber zu sammeln, wie Besucher unsere Website nutzen, wie z. B. die Anzahl der Besucher, die besuchten Seiten und die Quelle des Datenverkehrs. Dies hilft uns, unsere Website zu verbessern und die Pr\u00e4ferenzen der Nutzer zu verstehen.<br\/>Marketing-Cookies: Diese Cookies werden verwendet, um Werbung zu verfolgen und auf Ihre Interessen auszurichten. Sie k\u00f6nnen von Werbenetzwerken und Social-Media-Plattformen von Drittanbietern verwendet werden, um personalisierte Inhalte bereitzustellen.<br\/>Cookies von Drittanbietern:<\/p>\n\n<p>Wir k\u00f6nnen Drittanbietern gestatten, Cookies auf unserer Website zu platzieren, um uns bei der Analyse von Nutzungsmustern, der Anzeige personalisierter Inhalte und der Bereitstellung von Social-Media-Funktionen zu unterst\u00fctzen. Diese Drittanbieter haben ihre eigenen Datenschutzrichtlinien, und wir empfehlen Ihnen, diese zu \u00fcberpr\u00fcfen.<br\/>Cookie-Einwilligung:<\/p>\n\n<p>Wenn Sie unsere Website zum ersten Mal besuchen, zeigen wir Ihnen ein Cookie-Banner an, in dem Sie um Ihre Zustimmung zur Verwendung von Cookies gebeten werden. Durch die weitere Nutzung unserer Website erkl\u00e4ren Sie sich mit der Verwendung von Cookies wie in dieser Richtlinie beschrieben einverstanden.<br\/>Verwaltung von Cookies:<\/p>\n\n<p>Sie haben die M\u00f6glichkeit, Cookies \u00fcber Ihre Browsereinstellungen zu deaktivieren oder zu l\u00f6schen. Bitte beachten Sie jedoch, dass die Deaktivierung bestimmter Cookies die Funktionalit\u00e4t und das Benutzererlebnis unserer Website beeintr\u00e4chtigen kann.<br\/>Aktualisierungen der Cookie-Richtlinie:<\/p>\n\n<p>Wir behalten uns das Recht vor, diese Cookie-Richtlinie jederzeit zu aktualisieren oder zu \u00e4ndern. Alle \u00c4nderungen werden auf dieser Seite angezeigt, und wir empfehlen Ihnen, diese Seite regelm\u00e4\u00dfig zu \u00fcberpr\u00fcfen.<br\/>Bei Fragen oder Bedenken bez\u00fcglich unserer Cookie-Richtlinie oder der Verwendung von Cookies auf unserer Website <a href=\"https:\/\/casinopuma.com\/de\/kontaktieren-sie-uns\/\" data-type=\"page\" data-id=\"497\">wenden Sie sich bitte an uns<\/a>.<\/p>\n","protected":false},"excerpt":{"rendered":"<p>In dieser Cookie-Richtlinie wird erl\u00e4utert, wie Casinopuma.com (&#8222;wir&#8220;, &#8222;uns&#8220; oder &#8222;unser&#8220;) Cookies und \u00e4hnliche Tracking-Technologien auf unserer Website verwendet. Durch die weitere Nutzung unserer Website stimmen Sie der Verwendung von Cookies zu, wie in dieser Richtlinie beschrieben. Was sind Cookies? Cookies sind kleine Textdateien, die auf Ihrem Endger\u00e4t (Computer, Smartphone oder Tablet) gespeichert werden, wenn [&hellip;]<\/p>\n","protected":false},"author":2,"featured_media":0,"parent":0,"menu_order":0,"comment_status":"closed","ping_status":"closed","template":"page-no-sidebar.php","meta":{"_acf_changed":false,"footnotes":""},"class_list":["post-5941","page","type-page","status-publish","hentry"],"acf":[],"aioseo_notices":[],"_links":{"self":[{"href":"https:\/\/casinopuma.com\/de\/wp-json\/wp\/v2\/pages\/5941","targetHints":{"allow":["GET"]}}],"collection":[{"href":"https:\/\/casinopuma.com\/de\/wp-json\/wp\/v2\/pages"}],"about":[{"href":"https:\/\/casinopuma.com\/de\/wp-json\/wp\/v2\/types\/page"}],"author":[{"embeddable":true,"href":"https:\/\/casinopuma.com\/de\/wp-json\/wp\/v2\/users\/2"}],"replies":[{"embeddable":true,"href":"https:\/\/casinopuma.com\/de\/wp-json\/wp\/v2\/comments?post=5941"}],"version-history":[{"count":1,"href":"https:\/\/casinopuma.com\/de\/wp-json\/wp\/v2\/pages\/5941\/revisions"}],"predecessor-version":[{"id":5946,"href":"https:\/\/casinopuma.com\/de\/wp-json\/wp\/v2\/pages\/5941\/revisions\/5946"}],"wp:attachment":[{"href":"https:\/\/casinopuma.com\/de\/wp-json\/wp\/v2\/media?parent=5941"}],"curies":[{"name":"wp","href":"https:\/\/api.w.org\/{rel}","templated":true}]}}