{"id":10159,"date":"2022-11-10T14:13:39","date_gmt":"2022-11-10T14:13:39","guid":{"rendered":"https:\/\/casinopuma.com\/news\/"},"modified":"2023-11-29T05:33:43","modified_gmt":"2023-11-29T05:33:43","slug":"noticias","status":"publish","type":"page","link":"https:\/\/casinopuma.com\/pt-br\/noticias\/","title":{"rendered":"Not\u00edcias"},"content":{"rendered":"\n<h2 class=\"wp-block-heading\">Cassino Not\u00edcias<\/h2>\n\n\n\n<p>Bem-vindo \u00e0 p\u00e1gina de Not\u00edcias do <a href=\"https:\/\/casinopuma.com\/pt-br\/\" title=\"Home\">CasinoPuma<\/a>, sua fonte principal para as \u00faltimas atualiza\u00e7\u00f5es, insights e hist\u00f3rias sobre cassinos online. Aqui, curamos uma cole\u00e7\u00e3o de artigos de not\u00edcias envolventes que abrangem uma variedade de t\u00f3picos da ind\u00fastria de cassinos. Desde not\u00edcias urgentes sobre cassinos at\u00e9 an\u00e1lises aprofundadas, nosso blog foi criado para mant\u00ea-lo informado e envolvido. Explore artigos interessantes que abrangem diversas categorias, proporcionando uma perspectiva abrangente sobre os eventos atuais, tend\u00eancias e acontecimentos not\u00e1veis na ind\u00fastria de cassinos. Mantenha-se conectado conosco enquanto nos esfor\u00e7amos para trazer a voc\u00ea conte\u00fado oportuno e relevante que faz a diferen\u00e7a. Volte regularmente para artigos frescos e esclarecedores que refletem nosso compromisso em fornecer not\u00edcias que informam e inspiram.<\/p>\n","protected":false},"excerpt":{"rendered":"<p>Cassino Not\u00edcias Bem-vindo \u00e0 p\u00e1gina de Not\u00edcias do CasinoPuma, sua fonte principal para as \u00faltimas atualiza\u00e7\u00f5es, insights e hist\u00f3rias sobre cassinos online. Aqui, curamos uma cole\u00e7\u00e3o de artigos de not\u00edcias envolventes que abrangem uma variedade de t\u00f3picos da ind\u00fastria de cassinos. Desde not\u00edcias urgentes sobre cassinos at\u00e9 an\u00e1lises aprofundadas, nosso blog foi criado para mant\u00ea-lo [&hellip;]<\/p>\n","protected":false},"author":2,"featured_media":0,"parent":0,"menu_order":0,"comment_status":"closed","ping_status":"closed","template":"page-blog.php","meta":{"_acf_changed":false,"footnotes":""},"class_list":["post-10159","page","type-page","status-publish","hentry"],"acf":[],"aioseo_notices":[],"_links":{"self":[{"href":"https:\/\/casinopuma.com\/pt-br\/wp-json\/wp\/v2\/pages\/10159","targetHints":{"allow":["GET"]}}],"collection":[{"href":"https:\/\/casinopuma.com\/pt-br\/wp-json\/wp\/v2\/pages"}],"about":[{"href":"https:\/\/casinopuma.com\/pt-br\/wp-json\/wp\/v2\/types\/page"}],"author":[{"embeddable":true,"href":"https:\/\/casinopuma.com\/pt-br\/wp-json\/wp\/v2\/users\/2"}],"replies":[{"embeddable":true,"href":"https:\/\/casinopuma.com\/pt-br\/wp-json\/wp\/v2\/comments?post=10159"}],"version-history":[{"count":1,"href":"https:\/\/casinopuma.com\/pt-br\/wp-json\/wp\/v2\/pages\/10159\/revisions"}],"predecessor-version":[{"id":10164,"href":"https:\/\/casinopuma.com\/pt-br\/wp-json\/wp\/v2\/pages\/10159\/revisions\/10164"}],"wp:attachment":[{"href":"https:\/\/casinopuma.com\/pt-br\/wp-json\/wp\/v2\/media?parent=10159"}],"curies":[{"name":"wp","href":"https:\/\/api.w.org\/{rel}","templated":true}]}}