{"id":3915,"date":"2023-06-09T20:58:52","date_gmt":"2023-06-09T20:58:52","guid":{"rendered":"https:\/\/casinopuma.com\/1xbet-casino-promo-code\/"},"modified":"2023-10-08T18:56:09","modified_gmt":"2023-10-08T18:56:09","slug":"1xbet-cassino-codigo-promocional","status":"publish","type":"page","link":"https:\/\/casinopuma.com\/pt-br\/1xbet-cassino-codigo-promocional\/","title":{"rendered":"1xbet Cassino C\u00f3digo promocional"},"content":{"rendered":"\n<h1 class=\"wp-block-heading\">1xbet Cassino C\u00f3digo promocional<\/h1>\n\n\n\r\n\t<div class=\"space-shortcode-wrap space-shortcode-4 relative\">\r\n\t\t<div class=\"space-shortcode-wrap-ins relative\">\r\n\r\n\t\t\t\r\n\t\t\t<div class=\"space-organizations-3-archive-items box-100 relative\">\r\n\r\n\t\t\t\t\r\n\t\t\t\t<div class=\"space-organizations-3-archive-item box-100 relative\">\r\n\t\t\t\t\t<div class=\"space-organizations-3-archive-item-ins relative\">\r\n\t\t\t\t\t\t<div class=\"space-organizations-3-archive-item-logo box-25 relative\">\r\n\t\t\t\t\t\t\t<div class=\"space-organizations-3-archive-item-logo-ins box-100 text-center relative\">\r\n\r\n\t\t\t\t\t\t\t\t\t\t\t\t\t\t\t\t\t\t<a href=\"https:\/\/casinopuma.com\/pt-br\/casino\/1xbet-cassino\/\" title=\"1xBet Cassino\">\r\n\t\t\t\t\t\t\t\t\t\t\t<img decoding=\"async\" width=\"80\" height=\"80\" src=\"https:\/\/casinopuma.com\/wp-content\/uploads\/2023\/06\/1xbet-casino-casinopuma-80x80.jpg\" class=\"attachment-mercury-9999-80 size-mercury-9999-80\" alt=\"1xBet Cassino\" srcset=\"https:\/\/casinopuma.com\/wp-content\/uploads\/2023\/06\/1xbet-casino-casinopuma-80x80.jpg 80w, https:\/\/casinopuma.com\/wp-content\/uploads\/2023\/06\/1xbet-casino-casinopuma-300x300.jpg 300w, https:\/\/casinopuma.com\/wp-content\/uploads\/2023\/06\/1xbet-casino-casinopuma-150x150.jpg 150w, https:\/\/casinopuma.com\/wp-content\/uploads\/2023\/06\/1xbet-casino-casinopuma-12x12.jpg 12w, https:\/\/casinopuma.com\/wp-content\/uploads\/2023\/06\/1xbet-casino-casinopuma-40x40.jpg 40w, https:\/\/casinopuma.com\/wp-content\/uploads\/2023\/06\/1xbet-casino-casinopuma-50x50.jpg 50w, https:\/\/casinopuma.com\/wp-content\/uploads\/2023\/06\/1xbet-casino-casinopuma-100x100.jpg 100w, https:\/\/casinopuma.com\/wp-content\/uploads\/2023\/06\/1xbet-casino-casinopuma-120x120.jpg 120w, https:\/\/casinopuma.com\/wp-content\/uploads\/2023\/06\/1xbet-casino-casinopuma-135x135.jpg 135w, https:\/\/casinopuma.com\/wp-content\/uploads\/2023\/06\/1xbet-casino-casinopuma-270x270.jpg 270w, https:\/\/casinopuma.com\/wp-content\/uploads\/2023\/06\/1xbet-casino-casinopuma-450x450.jpg 450w, https:\/\/casinopuma.com\/wp-content\/uploads\/2023\/06\/1xbet-casino-casinopuma-479x479.jpg 479w, https:\/\/casinopuma.com\/wp-content\/uploads\/2023\/06\/1xbet-casino-casinopuma-32x32.jpg 32w, https:\/\/casinopuma.com\/wp-content\/uploads\/2023\/06\/1xbet-casino-casinopuma.jpg 570w\" sizes=\"(max-width: 80px) 100vw, 80px\" \/>\t\t\t\t\t\t\t\t\t\t<\/a>\r\n\t\t\t\t\t\t\t\t\t\t\t\t\t\t\t\t<\/div>\r\n\t\t\t\t\t\t\t\t\t\t\t\t\t\t\t<div class=\"space-organizations-3-archive-item-count absolute\">\r\n\t\t\t\t\t\t\t\t\t<span>1<\/span>\r\n\t\t\t\t\t\t\t\t<\/div>\r\n\t\t\t\t\t\t\t\t\t\t\t\t\t<\/div>\r\n\t\t\t\t\t\t<div class=\"space-organizations-3-archive-item-terms box-25 relative\">\r\n\t\t\t\t\t\t\t<div class=\"space-organizations-3-archive-item-terms-ins box-100 text-center relative\">\r\n\t\t\t\t\t\t\t<p>Dep\u00f3sito m\u00ednimo R$30<br \/><strong>B\u00f4nus: R$9500<br \/><\/strong>Rodadas gr\u00e1tis: 150<br \/>Apostas: 35x<\/p>\t\t\t\t\t\t\t<\/div>\r\n\t\t\t\t\t\t<\/div>\r\n\t\t\t\t\t\t<div class=\"space-organizations-3-archive-item-rating box-25 relative\">\r\n\t\t\t\t\t\t\t<div class=\"space-organizations-3-archive-item-rating-ins box-100 text-center relative\">\r\n\r\n\t\t\t\t\t\t\t\t\r\n\t\t\t\t\t\t\t\t\t\t\t\t\t\t\t\t\t<div class=\"space-organizations-3-archive-item-rating-box relative\">\r\n\t\t\t\t\t\t\t\t\t\t<div class=\"star-rating\"><div class=\"star star-full\" aria-hidden=\"true\"><\/div><div class=\"star star-full\" aria-hidden=\"true\"><\/div><div class=\"star star-full\" aria-hidden=\"true\"><\/div><div class=\"star star-full\" aria-hidden=\"true\"><\/div><div class=\"star star-half\" aria-hidden=\"true\"><\/div><\/div>\t\t\t\t\t\t\t\t\t\t<span>4.5<\/span>\r\n\t\t\t\t\t\t\t\t\t<\/div>\r\n\t\t\t\t\t\t\t\t\r\n\t\t\t\t\t\t\t\t\r\n\t\t\t\t\t\t\t\t\t\t\t\t\t\t\t\t\r\n\t\t\t\t\t\t\t<\/div>\r\n\t\t\t\t\t\t<\/div>\r\n\t\t\t\t\t\t<div class=\"space-organizations-3-archive-item-button box-25 relative\">\r\n\t\t\t\t\t\t\t<div class=\"space-organizations-3-archive-item-button-ins box-100 text-center relative\">\r\n\t\t\t\t\t\t\t\t<a href=\"https:\/\/casinopuma.com\/casino\/1xbet-casino\/\" title=\"Conseguir B\u00f4nus\" target=\"_blank\" rel=\"nofollow\"><i class=\"fas fa-check-circle\"><\/i> Conseguir B\u00f4nus<\/a>\r\n\r\n\t\t\t\t\t\t\t\t<a href=\"https:\/\/casinopuma.com\/pt-br\/casino\/1xbet-cassino\/\" title=\"Ler Coment\u00e1rio\"><i class=\"fas fa-arrow-alt-circle-right\"><\/i> Ler Coment\u00e1rio<\/a>\r\n\t\t\t\t\t\t\t<\/div>\r\n\t\t\t\t\t\t<\/div>\r\n\t\t\t\t\t\t\t\t\t\t\t<\/div>\r\n\t\t\t\t<\/div>\r\n\r\n\t\t\t\t\r\n\t\t\t<\/div>\r\n\t\t\t\r\n\t\t<\/div>\r\n\t<\/div>\r\n\r\n\n\n\n\n<h2 class=\"wp-block-heading\">Desbloqueie ganhos emocionantes com o c\u00f3digo promocional PUMAVIP do 1xBet Cassino C\u00f3digo<\/h2>\n\n\n\n<p>Descubra um mundo de experi\u00eancias de jogo espetaculares no 1xbet Cassino C\u00f3digo, onde emo\u00e7\u00e3o, entretenimento e ganhos potenciais se combinam para criar uma experi\u00eancia inesquec\u00edvel. Aproveitando o poder do c\u00f3digo promocional PUMAVIP, os novos jogadores t\u00eam a chance exclusiva de iniciar sua jornada com uma oferta irresist\u00edvel de boas-vindas de at\u00e9 \u20ac 1.500 e 150 rodadas gr\u00e1tis!<\/p>\n\n\n\n<p>Como um cassino online l\u00edder, o 1xBet \u00e9 celebrado por sua ampla variedade de jogos e ambiente de jogo incompar\u00e1vel. Agora, com o c\u00f3digo promocional PUMAVIP, \u00e9 mais f\u00e1cil do que nunca mergulhar neste universo de potencial vencedor.<\/p>\n\n\n\n<figure class=\"wp-block-table is-style-stripes\"><table><tbody><tr><td><strong>1xBet Cassino <\/strong><\/td><td><strong><strong>C\u00f3digo promocional: PUMAVIP<\/strong><\/strong><\/td><\/tr><tr><td><strong><strong>Oferta de boas-vindas com o c\u00f3digo promocional:<\/strong><br><\/strong><\/td><td><strong><strong>At\u00e9 \u20ac 1500 mais 150 rodadas gr\u00e1tis<\/strong><\/strong><\/td><\/tr><\/tbody><\/table><\/figure>\n\n\n\n<p>O c\u00f3digo promocional PUMAVIP \u00e9 o seu bilhete para reivindicar um enorme b\u00f4nus de boas-vindas que pode chegar a impressionantes \u20ac 1.500! Imagine as infinitas oportunidades de jogar e ganhar, aumentando suas chances de experimentar novos jogos ou dominar aqueles que voc\u00ea ama. N\u00e3o se trata apenas do dinheiro potencial &#8211; trata-se do tempo, da estrat\u00e9gia e da pura alegria de jogar, tudo ampliado e aprimorado com este b\u00f4nus consider\u00e1vel.<\/p>\n\n\n\n<p>Mas n\u00e3o \u00e9 apenas sobre o dinheiro. Como parte deste pacote de boas-vindas incompar\u00e1vel, o 1XBet oferece 150 rodadas gr\u00e1tis adicionais. Seja voc\u00ea um entusiasta de ca\u00e7a-n\u00edqueis experiente ou um novato curioso, essas rodadas gr\u00e1tis s\u00e3o uma excelente oportunidade para girar os rolos de seus ca\u00e7a-n\u00edqueis favoritos sem arriscar seu pr\u00f3prio dinheiro. \u00c9 uma emo\u00e7\u00e3o adicional que estende sua aventura de jogo, adicionando outra camada de emo\u00e7\u00e3o \u00e0 mistura.<\/p>\n\n\n\n<figure class=\"wp-block-image size-full\"><img decoding=\"async\" src=\"data:image\/gif;base64,R0lGODlhAQABAIAAAAAAAP\/\/\/yH5BAEAAAAALAAAAAABAAEAAAIBRAA7\" data-src=\"https:\/\/casinopuma.com\/wp-content\/uploads\/2023\/06\/1xbet-casino.jpg\" alt=\"1xbet Cassino C\u00f3digo\" class=\"wp-image-3274 lazyload\"\/><noscript><img decoding=\"async\" width=\"1024\" height=\"544\" src=\"https:\/\/casinopuma.com\/wp-content\/uploads\/2023\/06\/1xbet-casino.jpg\" alt=\"1xbet Cassino C\u00f3digo\" class=\"wp-image-3274 lazyload\" srcset=\"https:\/\/casinopuma.com\/wp-content\/uploads\/2023\/06\/1xbet-casino.jpg 1024w, https:\/\/casinopuma.com\/wp-content\/uploads\/2023\/06\/1xbet-casino-300x159.jpg 300w, https:\/\/casinopuma.com\/wp-content\/uploads\/2023\/06\/1xbet-casino-768x408.jpg 768w, https:\/\/casinopuma.com\/wp-content\/uploads\/2023\/06\/1xbet-casino-18x10.jpg 18w, https:\/\/casinopuma.com\/wp-content\/uploads\/2023\/06\/1xbet-casino-75x40.jpg 75w, https:\/\/casinopuma.com\/wp-content\/uploads\/2023\/06\/1xbet-casino-60x32.jpg 60w, https:\/\/casinopuma.com\/wp-content\/uploads\/2023\/06\/1xbet-casino-151x80.jpg 151w, https:\/\/casinopuma.com\/wp-content\/uploads\/2023\/06\/1xbet-casino-254x135.jpg 254w\" sizes=\"(max-width: 1024px) 100vw, 1024px\" \/><\/noscript><\/figure>\n\n\n\n<p>O c\u00f3digo promocional PUMAVIP do 1xBet Cassino foi projetado para iniciar sua jornada vencedora da maneira mais vantajosa poss\u00edvel. A beleza deste c\u00f3digo promocional reside n\u00e3o s\u00f3 na sua oferta generosa, mas tamb\u00e9m na sua simplicidade de utiliza\u00e7\u00e3o. No momento em que voc\u00ea se inscreve e insere o c\u00f3digo promocional PUMAVIP, voc\u00ea desbloqueia seu b\u00f4nus de boas-vindas. \u00c9 direto, instant\u00e2neo e tudo sobre como aprimorar sua experi\u00eancia de jogo online.<\/p>\n\n\n\n<p>Acima de tudo, o 1xBet Cassino garante um ambiente de jogo seguro e protegido. Eles est\u00e3o empenhados em garantir que sua experi\u00eancia de jogo online seja a mais tranquila e sem preocupa\u00e7\u00f5es poss\u00edvel, para que voc\u00ea possa se concentrar em aproveitar os jogos e otimizar sua estrat\u00e9gia.<\/p>\n\n\n\n<p>Em conclus\u00e3o, se voc\u00ea est\u00e1 procurando uma experi\u00eancia de cassino online envolvente, potencialmente recompensadora e altamente envolvente, n\u00e3o deixe esta oportunidade passar. Inscreva-se no 1xBet Cassino, use o c\u00f3digo promocional PUMAVIP e deixe sua jornada de emocionante jogo online come\u00e7ar com um estrondo. Aproveite o generoso b\u00f4nus de \u20ac 1.500 e 150 rodadas gr\u00e1tis para explorar um mundo de jogos emocionantes e poss\u00edveis ganhos. Lembre-se, com <a href=\"https:\/\/casinopuma.com\/pt-br\/casino\/1xbet-cassino\/\" title=\"1xBet Cassino\">1xBet<\/a> e o c\u00f3digo promocional PUMAVIP, sua aventura de jogo online ficou muito mais emocionante.<\/p>\n\n\n\n<p>Nota: Aplicam-se termos e condi\u00e7\u00f5es. Por favor, jogue com responsabilidade. 18+ apenas.<\/p>\n","protected":false},"excerpt":{"rendered":"<p>1xbet Cassino C\u00f3digo promocional Desbloqueie ganhos emocionantes com o c\u00f3digo promocional PUMAVIP do 1xBet Cassino C\u00f3digo Descubra um mundo de experi\u00eancias de jogo espetaculares no 1xbet Cassino C\u00f3digo, onde emo\u00e7\u00e3o, entretenimento e ganhos potenciais se combinam para criar uma experi\u00eancia inesquec\u00edvel. Aproveitando o poder do c\u00f3digo promocional PUMAVIP, os novos jogadores t\u00eam a chance exclusiva [&hellip;]<\/p>\n","protected":false},"author":2,"featured_media":0,"parent":0,"menu_order":0,"comment_status":"closed","ping_status":"closed","template":"page-without-title.php","meta":{"_acf_changed":false,"footnotes":""},"class_list":["post-3915","page","type-page","status-publish","hentry"],"acf":[],"aioseo_notices":[],"_links":{"self":[{"href":"https:\/\/casinopuma.com\/pt-br\/wp-json\/wp\/v2\/pages\/3915","targetHints":{"allow":["GET"]}}],"collection":[{"href":"https:\/\/casinopuma.com\/pt-br\/wp-json\/wp\/v2\/pages"}],"about":[{"href":"https:\/\/casinopuma.com\/pt-br\/wp-json\/wp\/v2\/types\/page"}],"author":[{"embeddable":true,"href":"https:\/\/casinopuma.com\/pt-br\/wp-json\/wp\/v2\/users\/2"}],"replies":[{"embeddable":true,"href":"https:\/\/casinopuma.com\/pt-br\/wp-json\/wp\/v2\/comments?post=3915"}],"version-history":[{"count":5,"href":"https:\/\/casinopuma.com\/pt-br\/wp-json\/wp\/v2\/pages\/3915\/revisions"}],"predecessor-version":[{"id":8019,"href":"https:\/\/casinopuma.com\/pt-br\/wp-json\/wp\/v2\/pages\/3915\/revisions\/8019"}],"wp:attachment":[{"href":"https:\/\/casinopuma.com\/pt-br\/wp-json\/wp\/v2\/media?parent=3915"}],"curies":[{"name":"wp","href":"https:\/\/api.w.org\/{rel}","templated":true}]}}