{"id":5863,"date":"2023-03-03T20:13:16","date_gmt":"2023-03-03T20:13:16","guid":{"rendered":"https:\/\/casinopuma.com\/fale-conosco\/"},"modified":"2023-08-15T19:19:32","modified_gmt":"2023-08-15T19:19:32","slug":"fale-conosco","status":"publish","type":"page","link":"https:\/\/casinopuma.com\/pt-br\/fale-conosco\/","title":{"rendered":"Fale Conosco"},"content":{"rendered":"\n<p>Fale Conosco &#8211; CasinoPuma  <\/p>\n\n<p>Valorizamos seu feedback e estamos aqui para ajud\u00e1-lo. Por favor, sinta-se livre para entrar em contato conosco com quaisquer perguntas, preocupa\u00e7\u00f5es ou sugest\u00f5es que voc\u00ea possa ter. Nossa equipe dedicada est\u00e1 pronta para fornecer suporte r\u00e1pido e \u00fatil.<\/p>\n\n<p>Informa\u00e7\u00f5es de contato:<\/p>\n\n<p>E-mail: <a href=\"mailto:contact@casinopuma.com\">contact@casinopuma.com<\/a><\/p>\n","protected":false},"excerpt":{"rendered":"<p>Fale Conosco &#8211; CasinoPuma Valorizamos seu feedback e estamos aqui para ajud\u00e1-lo. Por favor, sinta-se livre para entrar em contato conosco com quaisquer perguntas, preocupa\u00e7\u00f5es ou sugest\u00f5es que voc\u00ea possa ter. Nossa equipe dedicada est\u00e1 pronta para fornecer suporte r\u00e1pido e \u00fatil. Informa\u00e7\u00f5es de contato: E-mail: contact@casinopuma.com<\/p>\n","protected":false},"author":2,"featured_media":0,"parent":0,"menu_order":0,"comment_status":"closed","ping_status":"closed","template":"page-no-sidebar.php","meta":{"_acf_changed":false,"footnotes":""},"class_list":["post-5863","page","type-page","status-publish","hentry"],"acf":[],"aioseo_notices":[],"_links":{"self":[{"href":"https:\/\/casinopuma.com\/pt-br\/wp-json\/wp\/v2\/pages\/5863","targetHints":{"allow":["GET"]}}],"collection":[{"href":"https:\/\/casinopuma.com\/pt-br\/wp-json\/wp\/v2\/pages"}],"about":[{"href":"https:\/\/casinopuma.com\/pt-br\/wp-json\/wp\/v2\/types\/page"}],"author":[{"embeddable":true,"href":"https:\/\/casinopuma.com\/pt-br\/wp-json\/wp\/v2\/users\/2"}],"replies":[{"embeddable":true,"href":"https:\/\/casinopuma.com\/pt-br\/wp-json\/wp\/v2\/comments?post=5863"}],"version-history":[{"count":1,"href":"https:\/\/casinopuma.com\/pt-br\/wp-json\/wp\/v2\/pages\/5863\/revisions"}],"predecessor-version":[{"id":5872,"href":"https:\/\/casinopuma.com\/pt-br\/wp-json\/wp\/v2\/pages\/5863\/revisions\/5872"}],"wp:attachment":[{"href":"https:\/\/casinopuma.com\/pt-br\/wp-json\/wp\/v2\/media?parent=5863"}],"curies":[{"name":"wp","href":"https:\/\/api.w.org\/{rel}","templated":true}]}}