{"id":5879,"date":"2023-02-27T01:09:20","date_gmt":"2023-02-27T01:09:20","guid":{"rendered":"https:\/\/casinopuma.com\/sobre-o-casinopuma\/"},"modified":"2023-10-29T06:28:08","modified_gmt":"2023-10-29T06:28:08","slug":"sobre-o-casinopuma","status":"publish","type":"page","link":"https:\/\/casinopuma.com\/pt-br\/sobre-o-casinopuma\/","title":{"rendered":"Sobre o CasinoPuma"},"content":{"rendered":"\n<p>Bem-vindo ao Casinopuma, a melhor plataforma de compara\u00e7\u00e3o e an\u00e1lise de casinos online. Nossa experiente equipe de especialistas do setor traz informa\u00e7\u00f5es abrangentes sobre as melhores marcas de cassino online de todo o mundo. Descubra, compare e tome decis\u00f5es informadas para encontrar a experi\u00eancia de casino online perfeita adaptada \u00e0s suas prefer\u00eancias.<\/p>\n\n<p>No <a href=\"https:\/\/casinopuma.com\/pt-br\/\" title=\"Casa\">Casinopuma<\/a>, entendemos a emo\u00e7\u00e3o e a emo\u00e7\u00e3o que vem com o jogo online. Nossa miss\u00e3o \u00e9 ser sua fonte confi\u00e1vel para avalia\u00e7\u00f5es imparciais, an\u00e1lises aprofundadas e as informa\u00e7\u00f5es mais recentes sobre cassinos online. Com a nossa vasta experi\u00eancia na ind\u00fastria de casinos, fornecemos-lhe as informa\u00e7\u00f5es de que precisa para escolher um ambiente de jogo seguro, fi\u00e1vel e agrad\u00e1vel.<\/p>\n\n<p>Explore nossas an\u00e1lises detalhadas do cassino, onde analisamos fatores como sele\u00e7\u00e3o de jogos, interface do usu\u00e1rio, suporte ao cliente, m\u00e9todos de pagamento, seguran\u00e7a e licenciamento. Nossos especialistas n\u00e3o deixam pedra sobre pedra para garantir que voc\u00ea tenha todas as informa\u00e7\u00f5es necess\u00e1rias para fazer uma escolha informada. Tamb\u00e9m avaliamos e destacamos os b\u00f4nus e promo\u00e7\u00f5es oferecidos por cada cassino, incluindo b\u00f4nus de boas-vindas, b\u00f4nus de dep\u00f3sito, rodadas gr\u00e1tis e programas de fidelidade.<\/p>\n\n<p>No Casinopuma, acreditamos na transpar\u00eancia e no fornecimento de recursos valiosos para melhorar a sua experi\u00eancia de jogo. Se voc\u00ea \u00e9 um jogador experiente ou novo no jogo online, nossa interface amig\u00e1vel e avalia\u00e7\u00f5es abrangentes permitem que voc\u00ea tome as melhores decis\u00f5es com base em suas prefer\u00eancias.<\/p>\n\n<p>Junte-se a n\u00f3s nesta emocionante jornada, pois fornecemos os mais recentes insights, estrat\u00e9gias e recomenda\u00e7\u00f5es para maximizar sua experi\u00eancia de cassino online. Descubra os melhores casinos online, compare b\u00f3nus e desbloqueie a emo\u00e7\u00e3o de ganhar. O Casinopuma \u00e9 o seu companheiro de confian\u00e7a no mundo dos casinos online.<\/p>\n","protected":false},"excerpt":{"rendered":"<p>Bem-vindo ao Casinopuma, a melhor plataforma de compara\u00e7\u00e3o e an\u00e1lise de casinos online. Nossa experiente equipe de especialistas do setor traz informa\u00e7\u00f5es abrangentes sobre as melhores marcas de cassino online de todo o mundo. Descubra, compare e tome decis\u00f5es informadas para encontrar a experi\u00eancia de casino online perfeita adaptada \u00e0s suas prefer\u00eancias. No Casinopuma, entendemos [&hellip;]<\/p>\n","protected":false},"author":2,"featured_media":0,"parent":0,"menu_order":0,"comment_status":"closed","ping_status":"closed","template":"page-no-sidebar.php","meta":{"_acf_changed":false,"footnotes":""},"class_list":["post-5879","page","type-page","status-publish","hentry"],"acf":[],"aioseo_notices":[],"_links":{"self":[{"href":"https:\/\/casinopuma.com\/pt-br\/wp-json\/wp\/v2\/pages\/5879","targetHints":{"allow":["GET"]}}],"collection":[{"href":"https:\/\/casinopuma.com\/pt-br\/wp-json\/wp\/v2\/pages"}],"about":[{"href":"https:\/\/casinopuma.com\/pt-br\/wp-json\/wp\/v2\/types\/page"}],"author":[{"embeddable":true,"href":"https:\/\/casinopuma.com\/pt-br\/wp-json\/wp\/v2\/users\/2"}],"replies":[{"embeddable":true,"href":"https:\/\/casinopuma.com\/pt-br\/wp-json\/wp\/v2\/comments?post=5879"}],"version-history":[{"count":1,"href":"https:\/\/casinopuma.com\/pt-br\/wp-json\/wp\/v2\/pages\/5879\/revisions"}],"predecessor-version":[{"id":5880,"href":"https:\/\/casinopuma.com\/pt-br\/wp-json\/wp\/v2\/pages\/5879\/revisions\/5880"}],"wp:attachment":[{"href":"https:\/\/casinopuma.com\/pt-br\/wp-json\/wp\/v2\/media?parent=5879"}],"curies":[{"name":"wp","href":"https:\/\/api.w.org\/{rel}","templated":true}]}}