{"id":10160,"date":"2022-11-10T14:13:39","date_gmt":"2022-11-10T14:13:39","guid":{"rendered":"https:\/\/casinopuma.com\/news\/"},"modified":"2024-01-12T15:09:50","modified_gmt":"2024-01-12T15:09:50","slug":"nyheter","status":"publish","type":"page","link":"https:\/\/casinopuma.com\/sv\/nyheter\/","title":{"rendered":"Nyheter"},"content":{"rendered":"\n<h2 class=\"wp-block-heading\">Casino Nyheter<\/h2>\n\n\n\n<p>V\u00e4lkommen till <a href=\"https:\/\/casinopuma.com\/sv\/\" title=\"Home\">CasinoPumas<\/a> nyhetssida, din fr\u00e4msta k\u00e4lla f\u00f6r de senaste uppdateringarna, insikterna och nyheter om onlinecasino. H\u00e4r kuraterar vi en samling engagerande nyhetsartiklar som t\u00e4cker en m\u00e5ngfald av \u00e4mnen inom casinobranschen. Fr\u00e5n aktuella casinonyheter till djupg\u00e5ende analyser \u00e4r v\u00e5r blogg utformad f\u00f6r att h\u00e5lla dig informerad och engagerad. <\/p>\n\n\n\n<p>Uppt\u00e4ck intressanta artiklar som str\u00e4cker sig \u00f6ver olika kategorier och ger dig en m\u00e5ngsidig perspektiv p\u00e5 nuvarande casinoh\u00e4ndelser, trender och betydelsefulla h\u00e4ndelser. H\u00e5ll kontakten med oss n\u00e4r vi str\u00e4var efter att leverera aktuellt och relevant inneh\u00e5ll som \u00e4r viktigt. Kolla regelbundet tillbaka f\u00f6r f\u00e4rska och insiktsfulla artiklar som \u00e5terspeglar v\u00e5rt \u00e5tagande att leverera nyheter som informerar och inspirerar.<\/p>\n","protected":false},"excerpt":{"rendered":"<p>Casino Nyheter V\u00e4lkommen till CasinoPumas nyhetssida, din fr\u00e4msta k\u00e4lla f\u00f6r de senaste uppdateringarna, insikterna och nyheter om onlinecasino. H\u00e4r kuraterar vi en samling engagerande nyhetsartiklar som t\u00e4cker en m\u00e5ngfald av \u00e4mnen inom casinobranschen. Fr\u00e5n aktuella casinonyheter till djupg\u00e5ende analyser \u00e4r v\u00e5r blogg utformad f\u00f6r att h\u00e5lla dig informerad och engagerad. Uppt\u00e4ck intressanta artiklar som str\u00e4cker [&hellip;]<\/p>\n","protected":false},"author":2,"featured_media":0,"parent":0,"menu_order":0,"comment_status":"closed","ping_status":"closed","template":"page-blog.php","meta":{"_acf_changed":false,"footnotes":""},"class_list":["post-10160","page","type-page","status-publish","hentry"],"acf":[],"aioseo_notices":[],"_links":{"self":[{"href":"https:\/\/casinopuma.com\/sv\/wp-json\/wp\/v2\/pages\/10160","targetHints":{"allow":["GET"]}}],"collection":[{"href":"https:\/\/casinopuma.com\/sv\/wp-json\/wp\/v2\/pages"}],"about":[{"href":"https:\/\/casinopuma.com\/sv\/wp-json\/wp\/v2\/types\/page"}],"author":[{"embeddable":true,"href":"https:\/\/casinopuma.com\/sv\/wp-json\/wp\/v2\/users\/2"}],"replies":[{"embeddable":true,"href":"https:\/\/casinopuma.com\/sv\/wp-json\/wp\/v2\/comments?post=10160"}],"version-history":[{"count":2,"href":"https:\/\/casinopuma.com\/sv\/wp-json\/wp\/v2\/pages\/10160\/revisions"}],"predecessor-version":[{"id":12696,"href":"https:\/\/casinopuma.com\/sv\/wp-json\/wp\/v2\/pages\/10160\/revisions\/12696"}],"wp:attachment":[{"href":"https:\/\/casinopuma.com\/sv\/wp-json\/wp\/v2\/media?parent=10160"}],"curies":[{"name":"wp","href":"https:\/\/api.w.org\/{rel}","templated":true}]}}