{"id":5860,"date":"2023-02-27T01:09:20","date_gmt":"2023-02-27T01:09:20","guid":{"rendered":"https:\/\/casinopuma.com\/integritetspolicy\/"},"modified":"2023-10-29T06:30:05","modified_gmt":"2023-10-29T06:30:05","slug":"integritetspolicy","status":"publish","type":"page","link":"https:\/\/casinopuma.com\/sv\/integritetspolicy\/","title":{"rendered":"Integritetspolicy"},"content":{"rendered":"\n<p>Integritetspolicy<\/p>\n\n<p>P\u00e5 CasinoPuma \u00e4r vi engagerade i att skydda v\u00e5ra anv\u00e4ndares integritet och s\u00e4kerhet. Denna sekretesspolicy beskriver hur vi samlar in, anv\u00e4nder och skyddar den personliga information du l\u00e4mnar till oss n\u00e4r du \u00f6ppnar eller anv\u00e4nder v\u00e5r webbplats. L\u00e4s denna policy noggrant f\u00f6r att f\u00f6rst\u00e5 v\u00e5r praxis n\u00e4r det g\u00e4ller dina personuppgifter.<\/p>\n\n<p>Information vi samlar in:<\/p>\n\n<p>Personlig information: Vi kan samla in personlig information som ditt namn, e-postadress, kontaktuppgifter och annan information som du frivilligt ger oss.<br\/>Automatiskt insamlad information: Vi kan samla in viss information automatiskt n\u00e4r du bes\u00f6ker v\u00e5r webbplats, till exempel din IP-adress, webbl\u00e4sartyp, h\u00e4nvisande webbplats och annan anv\u00e4ndningsinformation.<br\/>Anv\u00e4ndning av information:<\/p>\n\n<p>Vi anv\u00e4nder den insamlade informationen f\u00f6r att f\u00f6rb\u00e4ttra v\u00e5r webbplats, anpassa anv\u00e4ndarupplevelser, ge kundsupport, skicka periodiska e-postmeddelanden och analysera anv\u00e4ndartrender och preferenser.<br\/>Vi kan ocks\u00e5 anv\u00e4nda informationen f\u00f6r att uppfylla juridiska skyldigheter, genomdriva v\u00e5r webbplatspolicy och skydda v\u00e5ra r\u00e4ttigheter, s\u00e4kerhet och egendom.<br\/>Delning av information:<\/p>\n\n<p>Vi s\u00e4ljer, byter eller \u00f6verf\u00f6r inte din personliga information till tredje part utan ditt samtycke, f\u00f6rutom vad som kr\u00e4vs enligt lag eller vid behov f\u00f6r att tillhandah\u00e5lla v\u00e5ra tj\u00e4nster.<br\/>Vi kan dela din information med betrodda tredjepartsleverant\u00f6rer som hj\u00e4lper oss att driva v\u00e5r webbplats, bedriva verksamhet eller betj\u00e4na dig, s\u00e5 l\u00e4nge de samtycker till att h\u00e5lla informationen konfidentiell.<br\/>Cookies och sp\u00e5rningsteknik:<\/p>\n\n<p>V\u00e5r webbplats kan anv\u00e4nda cookies och liknande sp\u00e5rningsteknik f\u00f6r att f\u00f6rb\u00e4ttra anv\u00e4ndarupplevelser, samla in information om anv\u00e4ndningsm\u00f6nster och f\u00f6rb\u00e4ttra v\u00e5ra tj\u00e4nster. Du har m\u00f6jlighet att inaktivera cookies via dina webbl\u00e4sarinst\u00e4llningar.<br\/>L\u00e4nkar till tredje part:<\/p>\n\n<p>V\u00e5r webbplats kan inneh\u00e5lla l\u00e4nkar till tredje parts webbplatser. Vi har ingen kontroll \u00f6ver inneh\u00e5llet och praxis p\u00e5 dessa webbplatser och ansvarar inte f\u00f6r deras sekretesspolicy eller praxis.<br\/>Datas\u00e4kerhet:<\/p>\n\n<p>Vi genomf\u00f6r rimliga s\u00e4kerhets\u00e5tg\u00e4rder f\u00f6r att skydda sekretessen och integriteten f\u00f6r din personliga information. Observera dock att ingen metod f\u00f6r \u00f6verf\u00f6ring eller lagring \u00e4r 100% s\u00e4ker, och vi kan inte garantera absolut s\u00e4kerhet.<br\/>Dina r\u00e4ttigheter:<\/p>\n\n<p>Du har r\u00e4tt att f\u00e5 tillg\u00e5ng till, uppdatera och radera din personliga information. Du kan ocks\u00e5 v\u00e4lja bort att ta emot reklammeddelanden fr\u00e5n oss.<br\/>Uppdateringar av sekretesspolicyn:<\/p>\n\n<p>Vi f\u00f6rbeh\u00e5ller oss r\u00e4tten att uppdatera eller \u00e4ndra denna sekretesspolicy n\u00e4r som helst. Eventuella \u00e4ndringar kommer att \u00e5terspeglas p\u00e5 den h\u00e4r sidan, och vi uppmuntrar dig att granska den h\u00e4r sidan regelbundet.<br\/>Om du har n\u00e5gra fr\u00e5gor eller funderingar ang\u00e5ende v\u00e5r integritetspolicy eller hanteringen av dina personuppgifter, v\u00e4nligen <a href=\"https:\/\/casinopuma.com\/sv\/kontakta-oss\/\" data-type=\"page\" data-id=\"497\">kontakta oss<\/a>.<\/p>\n","protected":false},"excerpt":{"rendered":"<p>Integritetspolicy P\u00e5 CasinoPuma \u00e4r vi engagerade i att skydda v\u00e5ra anv\u00e4ndares integritet och s\u00e4kerhet. Denna sekretesspolicy beskriver hur vi samlar in, anv\u00e4nder och skyddar den personliga information du l\u00e4mnar till oss n\u00e4r du \u00f6ppnar eller anv\u00e4nder v\u00e5r webbplats. L\u00e4s denna policy noggrant f\u00f6r att f\u00f6rst\u00e5 v\u00e5r praxis n\u00e4r det g\u00e4ller dina personuppgifter. Information vi samlar [&hellip;]<\/p>\n","protected":false},"author":2,"featured_media":0,"parent":0,"menu_order":0,"comment_status":"closed","ping_status":"closed","template":"page-no-sidebar.php","meta":{"_acf_changed":false,"footnotes":""},"class_list":["post-5860","page","type-page","status-publish","hentry"],"acf":[],"aioseo_notices":[],"_links":{"self":[{"href":"https:\/\/casinopuma.com\/sv\/wp-json\/wp\/v2\/pages\/5860","targetHints":{"allow":["GET"]}}],"collection":[{"href":"https:\/\/casinopuma.com\/sv\/wp-json\/wp\/v2\/pages"}],"about":[{"href":"https:\/\/casinopuma.com\/sv\/wp-json\/wp\/v2\/types\/page"}],"author":[{"embeddable":true,"href":"https:\/\/casinopuma.com\/sv\/wp-json\/wp\/v2\/users\/2"}],"replies":[{"embeddable":true,"href":"https:\/\/casinopuma.com\/sv\/wp-json\/wp\/v2\/comments?post=5860"}],"version-history":[{"count":2,"href":"https:\/\/casinopuma.com\/sv\/wp-json\/wp\/v2\/pages\/5860\/revisions"}],"predecessor-version":[{"id":9440,"href":"https:\/\/casinopuma.com\/sv\/wp-json\/wp\/v2\/pages\/5860\/revisions\/9440"}],"wp:attachment":[{"href":"https:\/\/casinopuma.com\/sv\/wp-json\/wp\/v2\/media?parent=5860"}],"curies":[{"name":"wp","href":"https:\/\/api.w.org\/{rel}","templated":true}]}}