{"id":5862,"date":"2023-03-03T20:12:58","date_gmt":"2023-03-03T20:12:58","guid":{"rendered":"https:\/\/casinopuma.com\/policy-for-cookies\/"},"modified":"2023-10-29T06:32:04","modified_gmt":"2023-10-29T06:32:04","slug":"policy-for-cookies","status":"publish","type":"page","link":"https:\/\/casinopuma.com\/sv\/policy-for-cookies\/","title":{"rendered":"Policy f\u00f6r cookies"},"content":{"rendered":"\n<p>Denna cookiepolicy f\u00f6rklarar hur Casinopuma.com (&#8221;vi&#8221;, &#8221;oss&#8221; eller &#8221;v\u00e5r&#8221;) anv\u00e4nder cookies och liknande sp\u00e5rningstekniker p\u00e5 v\u00e5r webbplats. Genom att forts\u00e4tta anv\u00e4nda v\u00e5r webbplats samtycker du till anv\u00e4ndningen av cookies enligt beskrivningen i denna policy.<\/p>\n\n<p>Vad \u00e4r cookies?<\/p>\n\n<p>Cookies \u00e4r sm\u00e5 textfiler som lagras p\u00e5 din enhet (dator, smartphone eller surfplatta) n\u00e4r du bes\u00f6ker v\u00e5r webbplats. De till\u00e5ter oss att k\u00e4nna igen din enhet och ge en mer personlig surfupplevelse.<br\/>Typer av cookies vi anv\u00e4nder:<\/p>\n\n<p>N\u00f6dv\u00e4ndiga cookies: Dessa cookies \u00e4r n\u00f6dv\u00e4ndiga f\u00f6r att v\u00e5r webbplats ska fungera och kan inte inaktiveras. De m\u00f6jligg\u00f6r k\u00e4rnfunktioner p\u00e5 webbplatsen och s\u00e4krar din surfupplevelse.<br\/>Analyscookies: Vi anv\u00e4nder analyscookies f\u00f6r att samla in information om hur bes\u00f6kare anv\u00e4nder v\u00e5r webbplats, till exempel antalet bes\u00f6kare, bes\u00f6kta sidor och trafikk\u00e4llan. Detta hj\u00e4lper oss att f\u00f6rb\u00e4ttra v\u00e5r webbplats och f\u00f6rst\u00e5 anv\u00e4ndarpreferenser.<br\/>Marknadsf\u00f6ringscookies: Dessa cookies anv\u00e4nds f\u00f6r att sp\u00e5ra och rikta annonser efter dina intressen. De kan anv\u00e4ndas av tredje parts annonsn\u00e4tverk och sociala medieplattformar f\u00f6r att leverera personligt inneh\u00e5ll.<br\/>Cookies fr\u00e5n tredje part:<\/p>\n\n<p>Vi kan till\u00e5ta tredjepartsleverant\u00f6rer att placera cookies p\u00e5 v\u00e5r webbplats f\u00f6r att hj\u00e4lpa oss att analysera anv\u00e4ndningsm\u00f6nster, visa personligt inneh\u00e5ll och tillhandah\u00e5lla funktioner f\u00f6r sociala medier. Dessa tredje parter har sina egna sekretesspolicyer och vi uppmuntrar dig att granska dem.<br\/>Samtycke till cookies:<\/p>\n\n<p>N\u00e4r du bes\u00f6ker v\u00e5r webbplats f\u00f6r f\u00f6rsta g\u00e5ngen kommer vi att visa en cookiebanner som beg\u00e4r ditt samtycke till att anv\u00e4nda cookies. Genom att forts\u00e4tta anv\u00e4nda v\u00e5r webbplats ger du ditt samtycke till anv\u00e4ndningen av cookies enligt beskrivningen i denna policy.<br\/>Hantera cookies:<\/p>\n\n<p>Du har m\u00f6jlighet att inaktivera eller ta bort cookies via dina webbl\u00e4sarinst\u00e4llningar. Observera dock att inaktivering av vissa cookies kan p\u00e5verka funktionaliteten och anv\u00e4ndarupplevelsen p\u00e5 v\u00e5r webbplats.<br\/>Uppdateringar av cookiepolicyn:<\/p>\n\n<p>Vi f\u00f6rbeh\u00e5ller oss r\u00e4tten att uppdatera eller \u00e4ndra denna cookiepolicy n\u00e4r som helst. Eventuella \u00e4ndringar kommer att \u00e5terspeglas p\u00e5 den h\u00e4r sidan, och vi uppmuntrar dig att granska den h\u00e4r sidan regelbundet.<br\/>F\u00f6r fr\u00e5gor eller funderingar ang\u00e5ende v\u00e5r cookiepolicy eller anv\u00e4ndningen av cookies p\u00e5 v\u00e5r webbplats, v\u00e4nligen <a href=\"https:\/\/casinopuma.com\/sv\/kontakta-oss\/\" data-type=\"page\" data-id=\"497\">kontakta oss<\/a>.<\/p>\n","protected":false},"excerpt":{"rendered":"<p>Denna cookiepolicy f\u00f6rklarar hur Casinopuma.com (&#8221;vi&#8221;, &#8221;oss&#8221; eller &#8221;v\u00e5r&#8221;) anv\u00e4nder cookies och liknande sp\u00e5rningstekniker p\u00e5 v\u00e5r webbplats. Genom att forts\u00e4tta anv\u00e4nda v\u00e5r webbplats samtycker du till anv\u00e4ndningen av cookies enligt beskrivningen i denna policy. Vad \u00e4r cookies? Cookies \u00e4r sm\u00e5 textfiler som lagras p\u00e5 din enhet (dator, smartphone eller surfplatta) n\u00e4r du bes\u00f6ker v\u00e5r webbplats. [&hellip;]<\/p>\n","protected":false},"author":2,"featured_media":0,"parent":0,"menu_order":0,"comment_status":"closed","ping_status":"closed","template":"page-no-sidebar.php","meta":{"_acf_changed":false,"footnotes":""},"class_list":["post-5862","page","type-page","status-publish","hentry"],"acf":[],"aioseo_notices":[],"_links":{"self":[{"href":"https:\/\/casinopuma.com\/sv\/wp-json\/wp\/v2\/pages\/5862","targetHints":{"allow":["GET"]}}],"collection":[{"href":"https:\/\/casinopuma.com\/sv\/wp-json\/wp\/v2\/pages"}],"about":[{"href":"https:\/\/casinopuma.com\/sv\/wp-json\/wp\/v2\/types\/page"}],"author":[{"embeddable":true,"href":"https:\/\/casinopuma.com\/sv\/wp-json\/wp\/v2\/users\/2"}],"replies":[{"embeddable":true,"href":"https:\/\/casinopuma.com\/sv\/wp-json\/wp\/v2\/comments?post=5862"}],"version-history":[{"count":2,"href":"https:\/\/casinopuma.com\/sv\/wp-json\/wp\/v2\/pages\/5862\/revisions"}],"predecessor-version":[{"id":9451,"href":"https:\/\/casinopuma.com\/sv\/wp-json\/wp\/v2\/pages\/5862\/revisions\/9451"}],"wp:attachment":[{"href":"https:\/\/casinopuma.com\/sv\/wp-json\/wp\/v2\/media?parent=5862"}],"curies":[{"name":"wp","href":"https:\/\/api.w.org\/{rel}","templated":true}]}}