{"id":5883,"date":"2023-03-03T20:13:16","date_gmt":"2023-03-03T20:13:16","guid":{"rendered":"https:\/\/casinopuma.com\/kontakta-oss\/"},"modified":"2023-08-15T19:19:32","modified_gmt":"2023-08-15T19:19:32","slug":"kontakta-oss","status":"publish","type":"page","link":"https:\/\/casinopuma.com\/sv\/kontakta-oss\/","title":{"rendered":"Kontakta oss"},"content":{"rendered":"\n<p>Kontakta oss &#8211; CasinoPuma  <\/p>\n\n<p>Vi v\u00e4rdes\u00e4tter din feedback och \u00e4r h\u00e4r f\u00f6r att hj\u00e4lpa dig. Tveka inte att kontakta oss med eventuella fr\u00e5gor, funderingar eller f\u00f6rslag du kan ha. V\u00e5rt dedikerade team \u00e4r redo att ge snabb och hj\u00e4lpsam support.<\/p>\n\n<p>Kontaktuppgifter:<\/p>\n\n<p>E-post: <a href=\"mailto:contact@casinopuma.com\">contact@casinopuma.com<\/a><\/p>\n","protected":false},"excerpt":{"rendered":"<p>Kontakta oss &#8211; CasinoPuma Vi v\u00e4rdes\u00e4tter din feedback och \u00e4r h\u00e4r f\u00f6r att hj\u00e4lpa dig. Tveka inte att kontakta oss med eventuella fr\u00e5gor, funderingar eller f\u00f6rslag du kan ha. V\u00e5rt dedikerade team \u00e4r redo att ge snabb och hj\u00e4lpsam support. Kontaktuppgifter: E-post: contact@casinopuma.com<\/p>\n","protected":false},"author":2,"featured_media":0,"parent":0,"menu_order":0,"comment_status":"closed","ping_status":"closed","template":"page-no-sidebar.php","meta":{"_acf_changed":false,"footnotes":""},"class_list":["post-5883","page","type-page","status-publish","hentry"],"acf":[],"aioseo_notices":[],"_links":{"self":[{"href":"https:\/\/casinopuma.com\/sv\/wp-json\/wp\/v2\/pages\/5883","targetHints":{"allow":["GET"]}}],"collection":[{"href":"https:\/\/casinopuma.com\/sv\/wp-json\/wp\/v2\/pages"}],"about":[{"href":"https:\/\/casinopuma.com\/sv\/wp-json\/wp\/v2\/types\/page"}],"author":[{"embeddable":true,"href":"https:\/\/casinopuma.com\/sv\/wp-json\/wp\/v2\/users\/2"}],"replies":[{"embeddable":true,"href":"https:\/\/casinopuma.com\/sv\/wp-json\/wp\/v2\/comments?post=5883"}],"version-history":[{"count":1,"href":"https:\/\/casinopuma.com\/sv\/wp-json\/wp\/v2\/pages\/5883\/revisions"}],"predecessor-version":[{"id":5886,"href":"https:\/\/casinopuma.com\/sv\/wp-json\/wp\/v2\/pages\/5883\/revisions\/5886"}],"wp:attachment":[{"href":"https:\/\/casinopuma.com\/sv\/wp-json\/wp\/v2\/media?parent=5883"}],"curies":[{"name":"wp","href":"https:\/\/api.w.org\/{rel}","templated":true}]}}