{"id":5885,"date":"2023-02-27T01:09:20","date_gmt":"2023-02-27T01:09:20","guid":{"rendered":"https:\/\/casinopuma.com\/om-casinopuma\/"},"modified":"2023-10-29T06:28:08","modified_gmt":"2023-10-29T06:28:08","slug":"om-casinopuma","status":"publish","type":"page","link":"https:\/\/casinopuma.com\/sv\/om-casinopuma\/","title":{"rendered":"Om CasinoPuma"},"content":{"rendered":"\n<p>V\u00e4lkommen till Casinopuma, den ultimata online casino j\u00e4mf\u00f6relse och \u00f6versyn plattform. V\u00e5rt erfarna team av branschexperter ger dig omfattande information om de b\u00e4sta online casino varum\u00e4rkena fr\u00e5n hela v\u00e4rlden. Uppt\u00e4ck, j\u00e4mf\u00f6r och fatta v\u00e4lgrundade beslut f\u00f6r att hitta den perfekta online casinoupplevelsen skr\u00e4ddarsydd efter dina \u00f6nskem\u00e5l.<\/p>\n\n<p>P\u00e5 <a href=\"https:\/\/casinopuma.com\/sv\/\" title=\"Hem\">Casinopuma<\/a> f\u00f6rst\u00e5r vi sp\u00e4nningen och sp\u00e4nningen som kommer med onlinespel. V\u00e5rt uppdrag \u00e4r att vara din p\u00e5litliga k\u00e4lla f\u00f6r opartiska recensioner, djupg\u00e5ende analyser och den senaste informationen om onlinekasinon. Med v\u00e5r stora erfarenhet inom casinobranschen ger vi dig de insikter du beh\u00f6ver f\u00f6r att v\u00e4lja en s\u00e4ker, p\u00e5litlig och trevlig spelmilj\u00f6.<\/p>\n\n<p>Utforska v\u00e5ra detaljerade casinorecensioner, d\u00e4r vi analyserar faktorer som spelval, anv\u00e4ndargr\u00e4nssnitt, kundsupport, betalningsmetoder, s\u00e4kerhet och licensiering. V\u00e5ra experter l\u00e4mnar ingen sten ov\u00e4nd f\u00f6r att s\u00e4kerst\u00e4lla att du har all n\u00f6dv\u00e4ndig information f\u00f6r att g\u00f6ra ett v\u00e4lgrundat val. Vi utv\u00e4rderar och lyfter ocks\u00e5 fram de bonusar och kampanjer som erbjuds av varje kasino, inklusive v\u00e4lkomstbonusar, ins\u00e4ttningsbonusar, gratissnurr och lojalitetsprogram.<\/p>\n\n<p>P\u00e5 Casinopuma tror vi p\u00e5 transparens och att tillhandah\u00e5lla v\u00e4rdefulla resurser f\u00f6r att f\u00f6rb\u00e4ttra din spelupplevelse. Oavsett om du \u00e4r en erfaren spelare eller ny inom onlinespel, ger v\u00e5rt anv\u00e4ndarv\u00e4nliga gr\u00e4nssnitt och omfattande recensioner dig m\u00f6jlighet att fatta de b\u00e4sta besluten baserat p\u00e5 dina preferenser.<\/p>\n\n<p>F\u00f6lj med oss p\u00e5 denna sp\u00e4nnande resa n\u00e4r vi ger de senaste insikterna, strategierna och rekommendationerna f\u00f6r att maximera din online casino upplevelse. Uppt\u00e4ck de b\u00e4sta onlinekasinon, j\u00e4mf\u00f6r bonusar och l\u00e5s upp sp\u00e4nningen att vinna. Casinopuma \u00e4r din p\u00e5litliga f\u00f6ljeslagare i v\u00e4rlden av onlinekasinon.<\/p>\n","protected":false},"excerpt":{"rendered":"<p>V\u00e4lkommen till Casinopuma, den ultimata online casino j\u00e4mf\u00f6relse och \u00f6versyn plattform. V\u00e5rt erfarna team av branschexperter ger dig omfattande information om de b\u00e4sta online casino varum\u00e4rkena fr\u00e5n hela v\u00e4rlden. Uppt\u00e4ck, j\u00e4mf\u00f6r och fatta v\u00e4lgrundade beslut f\u00f6r att hitta den perfekta online casinoupplevelsen skr\u00e4ddarsydd efter dina \u00f6nskem\u00e5l. P\u00e5 Casinopuma f\u00f6rst\u00e5r vi sp\u00e4nningen och sp\u00e4nningen som kommer [&hellip;]<\/p>\n","protected":false},"author":2,"featured_media":0,"parent":0,"menu_order":0,"comment_status":"closed","ping_status":"closed","template":"page-no-sidebar.php","meta":{"_acf_changed":false,"footnotes":""},"class_list":["post-5885","page","type-page","status-publish","hentry"],"acf":[],"aioseo_notices":[],"_links":{"self":[{"href":"https:\/\/casinopuma.com\/sv\/wp-json\/wp\/v2\/pages\/5885","targetHints":{"allow":["GET"]}}],"collection":[{"href":"https:\/\/casinopuma.com\/sv\/wp-json\/wp\/v2\/pages"}],"about":[{"href":"https:\/\/casinopuma.com\/sv\/wp-json\/wp\/v2\/types\/page"}],"author":[{"embeddable":true,"href":"https:\/\/casinopuma.com\/sv\/wp-json\/wp\/v2\/users\/2"}],"replies":[{"embeddable":true,"href":"https:\/\/casinopuma.com\/sv\/wp-json\/wp\/v2\/comments?post=5885"}],"version-history":[{"count":1,"href":"https:\/\/casinopuma.com\/sv\/wp-json\/wp\/v2\/pages\/5885\/revisions"}],"predecessor-version":[{"id":5889,"href":"https:\/\/casinopuma.com\/sv\/wp-json\/wp\/v2\/pages\/5885\/revisions\/5889"}],"wp:attachment":[{"href":"https:\/\/casinopuma.com\/sv\/wp-json\/wp\/v2\/media?parent=5885"}],"curies":[{"name":"wp","href":"https:\/\/api.w.org\/{rel}","templated":true}]}}