{"id":5914,"date":"2023-03-03T20:13:23","date_gmt":"2023-03-03T20:13:23","guid":{"rendered":"https:\/\/casinopuma.com\/regler-villkor\/"},"modified":"2023-10-29T06:35:28","modified_gmt":"2023-10-29T06:35:28","slug":"regler-villkor","status":"publish","type":"page","link":"https:\/\/casinopuma.com\/sv\/regler-villkor\/","title":{"rendered":"Regler &amp; villkor"},"content":{"rendered":"\n<p>Anv\u00e4ndarvillkor f\u00f6r CasinoPumas webbplats<\/p>\n\n<p>Dessa anv\u00e4ndarvillkor (&#8221;Villkoren&#8221;) f\u00f6reskriver de \u00f6msesidiga r\u00e4ttigheter och skyldigheter som \u00e4r f\u00f6rknippade med anv\u00e4ndningen av CasinoPuma.com webbplats (&#8221;Webbplatsen&#8221;) av anv\u00e4ndarna (kallas &#8221;Anv\u00e4ndare&#8221; eller &#8221;Du&#8221;). Vi f\u00f6rbeh\u00e5ller oss r\u00e4tten att g\u00f6ra \u00e4ndringar i dessa villkor utan f\u00f6reg\u00e5ende meddelande. Eventuella \u00e4ndringar kommer att publiceras p\u00e5 webbplatsen och, i f\u00f6rekommande fall, meddelas anv\u00e4ndarna via e-post.<\/p>\n\n<p>Definitioner<br\/>1.1. Termer med stor begynnelsebokstav som anv\u00e4nds i dessa Villkor har f\u00f6ljande betydelser:<\/p>\n\n<p>&#8221;Webbplats&#8221; avser https:\/\/casinopuma.com\/ och dess lokaliserade versioner \u00f6versatta till andra spr\u00e5k, som finns tillg\u00e4ngliga p\u00e5 underdom\u00e4ner.<br\/>Plural f\u00f6rsta person pronomen som &#8221;Vi&#8221;, &#8221;Oss&#8221; eller &#8221;V\u00e5r&#8221; h\u00e4nvisar till operat\u00f6ren av webbplatsen.<br\/>&#8221;Anv\u00e4ndare&#8221; avser en fysisk eller juridisk person som har tillg\u00e5ng till och anv\u00e4nder webbplatsen. Anv\u00e4ndare h\u00e4nvisas ocks\u00e5 till av andra personens pronomen som &#8221;Du&#8221; eller &#8221;Din&#8221;.<br\/>&#8221;Sekretesspolicy&#8221; och &#8221;Integritetspolicy&#8221; h\u00e4nvisar till webbplatsens policy f\u00f6r personuppgifter och integritetsskydd, som anges i avsnitt 5 i dessa villkor.<br\/>&#8221;Data&#8221; avser all information som en anv\u00e4ndare l\u00e4mnar p\u00e5 webbplatsen.<br\/>&#8221;Cookie&#8221; \u00e4r en kort textfil som placeras p\u00e5 din dator av webbplatsen eller tredje part n\u00e4r du bes\u00f6ker webbplatsen.<br\/>&#8221;Dataskyddslagar&#8221; avser alla till\u00e4mpliga lagar relaterade till behandling av personuppgifter, inklusive direktiv 95\/46\/EG eller GDPR, och alla nationella genomf\u00f6randelagar eller f\u00f6rordningar.<br\/>&#8221;GDPR&#8221; avser den allm\u00e4nna dataskyddsf\u00f6rordningen (EU) 2016\/679.<br\/>&#8221;EU:s cookielag&#8221; avser Europaparlamentets och r\u00e5dets direktiv 2002\/58\/EG av den 12 juli 2002, \u00e4ndrat 2006 och 2009.<br\/>&#8221;Anv\u00e4ndargenererat inneh\u00e5ll&#8221; avser allt skriftligt inneh\u00e5ll, bilder, videor och andra former av inneh\u00e5ll som publiceras p\u00e5 webbplatsen av en anv\u00e4ndare.<br\/><br\/><strong>Allm\u00e4nna villkor<br\/><\/strong>2.1. Webbplatsen fungerar som en leverant\u00f6r av oberoende information och v\u00e4gledning f\u00f6r personer som \u00e4r intresserade av att spela med onlinekasinon och \u00e4r inte en leverant\u00f6r av onlinespeltj\u00e4nster. All information som tillhandah\u00e5lls p\u00e5 webbplatsen \u00e4r endast av informativ karakt\u00e4r och b\u00f6r under inga omst\u00e4ndigheter betraktas som juridisk r\u00e5dgivning.<\/p>\n\n<p>2.2. Vi g\u00f6r allt f\u00f6r att s\u00e4kerst\u00e4lla att informationen som publiceras p\u00e5 webbplatsen \u00e4r korrekt, men p\u00e5 grund av den st\u00e4ndigt f\u00f6r\u00e4nderliga milj\u00f6n f\u00f6r onlinespel kan vi inte garantera riktigheten i den information som presenteras p\u00e5 webbplatsen. Vi b\u00e4r inget ansvar f\u00f6r eventuella skador till f\u00f6ljd av anv\u00e4ndningen av informationen som finns p\u00e5 webbplatsen.<\/p>\n\n<p>2.3. Webbplatsen inneh\u00e5ller l\u00e4nkar till externa tredjepartswebbplatser. Webbplatsen p\u00e5verkar inte inneh\u00e5llet p\u00e5 s\u00e5dana tredjepartswebbplatser och b\u00e4r inget ansvar f\u00f6r s\u00e5dant inneh\u00e5ll. Vi uppmuntrar dig att noggrant l\u00e4sa alla anv\u00e4ndarvillkor f\u00f6r tredje parts webbplatser innan du deltar i n\u00e5gra spelaktiviteter.<\/p>\n\n<p>2.4. Genom att bes\u00f6ka och anv\u00e4nda webbplatsen ger anv\u00e4ndaren samtycke till dessa villkor och integritetsskyddspolicyn och bekr\u00e4ftar f\u00f6rst\u00e5else och samtycke till att f\u00f6lja dessa villkor och sekretesspolicyn.<\/p>\n\n<p>2.5. Vi vill meddela anv\u00e4ndarna som registrerade vars personuppgifter behandlas via webbplatsen att de genom att uttrycka sitt samtycke till ordalydelsen i sekretesspolicyn ocks\u00e5 uttrycker flera samtycken till behandlingen av deras personuppgifter som \u00e4r n\u00f6dv\u00e4ndiga f\u00f6r korrekt anv\u00e4ndning av webbplatsen i enlighet med dessa villkor. F\u00f6r mer information om behandlingen av anv\u00e4ndarnas data, se avsnitt 5 i dessa villkor.<\/p>\n\n<p>2.6. Genom att bes\u00f6ka webbplatsen bekr\u00e4ftar anv\u00e4ndaren som \u00e4r en fysisk person att han \u00e4r minst 18 \u00e5r gammal och har full r\u00e4ttskapacitet. Tillg\u00e5ng till webbplatsen \u00e4r begr\u00e4nsad till personer under 18 \u00e5r eller under den \u00e5lder d\u00e5 onlinespel i anv\u00e4ndarens jurisdiktion \u00e4r f\u00f6rbjudet. Det \u00e4r anv\u00e4ndarens ansvar att s\u00e4kerst\u00e4lla \u00f6verensst\u00e4mmelse med de lagliga \u00e5lderskraven och alla till\u00e4mpliga lagar och f\u00f6rordningar i deras jurisdiktion ang\u00e5ende onlinespel.<\/p>\n\n<p>2.7. Anv\u00e4ndaren samtycker till att inte anv\u00e4nda webbplatsen f\u00f6r olagliga eller obeh\u00f6riga \u00e4ndam\u00e5l och att f\u00f6lja alla till\u00e4mpliga lagar och f\u00f6rordningar n\u00e4r han anv\u00e4nder webbplatsen.<\/p>\n\n<p>2.8. Anv\u00e4ndaren bekr\u00e4ftar att webbplatsen kan vara otillg\u00e4nglig fr\u00e5n tid till annan p\u00e5 grund av underh\u00e5ll, tekniska problem eller andra sk\u00e4l. Vi str\u00e4var efter att minimera eventuella st\u00f6rningar men kan inte garantera oavbruten tillg\u00e5ng till webbplatsen.<\/p>\n\n<p>2.9. Anv\u00e4ndaren \u00e4r ensam ansvarig f\u00f6r att uppr\u00e4tth\u00e5lla sekretessen f\u00f6r sin kontoinformation, inklusive deras anv\u00e4ndarnamn och l\u00f6senord. Anv\u00e4ndaren samtycker till att omedelbart meddela oss om obeh\u00f6rig anv\u00e4ndning av sitt konto eller n\u00e5got annat s\u00e4kerhetsbrott.<\/p>\n\n<p>2.10. Vi f\u00f6rbeh\u00e5ller oss r\u00e4tten att avbryta, avsluta eller begr\u00e4nsa anv\u00e4ndarens tillg\u00e5ng till webbplatsen n\u00e4r som helst och av vilken anledning som helst, utan f\u00f6reg\u00e5ende meddelande eller ansvar.<\/p>\n\n<p>2.11. Anv\u00e4ndaren bekr\u00e4ftar och samtycker till att deras anv\u00e4ndning av webbplatsen sker p\u00e5 egen risk. Vi garanterar inte att webbplatsen kommer att vara felfri, s\u00e4ker eller kontinuerligt tillg\u00e4nglig. Anv\u00e4ndaren samtycker till att anv\u00e4nda webbplatsen efter eget gottfinnande och tar allt ansvar f\u00f6r eventuella konsekvenser som kan uppst\u00e5 genom deras anv\u00e4ndning av webbplatsen.<\/p>\n\n<p>2.12. Dessa villkor utg\u00f6r hela avtalet mellan anv\u00e4ndaren och oss ang\u00e5ende anv\u00e4ndningen av webbplatsen och ers\u00e4tter alla tidigare avtal eller \u00f6verenskommelser.<\/p>\n\n<ol class=\"wp-block-list\" start=\"3\">\n<li><strong>Immateriella<\/strong><\/li>\n<\/ol>\n\n<p>3.1. Alla immateriella r\u00e4ttigheter, inklusive upphovsr\u00e4tt, varum\u00e4rken och logotyper som visas p\u00e5 webbplatsen, tillh\u00f6r oss eller v\u00e5ra licensgivare. Anv\u00e4ndaren samtycker till att inte anv\u00e4nda, reproducera eller distribuera n\u00e5gon av de immateriella r\u00e4ttigheterna utan v\u00e5rt f\u00f6reg\u00e5ende skriftliga medgivande.<\/p>\n\n<p>3.2. Anv\u00e4ndaren f\u00e5r skriva ut eller ladda ner en enda kopia av inneh\u00e5llet p\u00e5 webbplatsen f\u00f6r personligt, icke-kommersiellt bruk, f\u00f6rutsatt att de beh\u00e5ller alla upphovsr\u00e4ttsliga och andra \u00e4gander\u00e4ttsmeddelanden.<\/p>\n\n<ol class=\"wp-block-list\" start=\"4\">\n<li><strong>Begr\u00e4nsning av ansvar<\/strong><\/li>\n<\/ol>\n\n<p>4.1. I den utstr\u00e4ckning som lagen till\u00e5ter fr\u00e5ns\u00e4ger vi oss alla garantier, utf\u00e4stelser eller garantier, vare sig uttryckliga eller underf\u00f6rst\u00e5dda, avseende riktigheten, tillf\u00f6rlitligheten eller fullst\u00e4ndigheten av informationen p\u00e5 webbplatsen.<\/p>\n\n<p>4.2. Vi ansvarar inte f\u00f6r n\u00e5gra direkta, indirekta, tillf\u00e4lliga, f\u00f6ljd- eller straffskador som uppst\u00e5r till f\u00f6ljd av anv\u00e4ndarens anv\u00e4ndning eller of\u00f6rm\u00e5ga att anv\u00e4nda webbplatsen, inklusive men inte begr\u00e4nsat till fel, utel\u00e4mnanden, avbrott, defekter, f\u00f6rseningar, datavirus eller f\u00f6rlust av data.<\/p>\n\n<p>4.3. Anv\u00e4ndaren samtycker till att ers\u00e4tta och h\u00e5lla oss skadesl\u00f6sa fr\u00e5n alla anspr\u00e5k, f\u00f6rluster, skador, skulder och utgifter (inklusive juridiska avgifter) som uppst\u00e5r till f\u00f6ljd av deras anv\u00e4ndning av webbplatsen eller brott mot dessa villkor.<\/p>\n\n<ol class=\"wp-block-list\" start=\"5\">\n<li><strong>Policy f\u00f6r integritetsskydd<\/strong><\/li>\n<\/ol>\n\n<p>Anv\u00e4ndarens integritet \u00e4r viktig f\u00f6r oss. V\u00e5r integritetsskyddspolicy beskriver hur vi samlar in, anv\u00e4nder och skyddar personuppgifter som tillhandah\u00e5lls av anv\u00e4ndaren. Genom att anv\u00e4nda webbplatsen godk\u00e4nner anv\u00e4ndaren villkoren i sekretesspolicyn.<\/p>\n\n<p>Observera att dessa villkor tillhandah\u00e5lls som en allm\u00e4n \u00f6versikt och inte b\u00f6r betraktas som juridisk r\u00e5dgivning. Det rekommenderas att r\u00e5dg\u00f6ra med en jurist f\u00f6r specifik juridisk r\u00e5dgivning relaterad till anv\u00e4ndningen av CasinoPumas webbplats.<\/p>\n","protected":false},"excerpt":{"rendered":"<p>Anv\u00e4ndarvillkor f\u00f6r CasinoPumas webbplats Dessa anv\u00e4ndarvillkor (&#8221;Villkoren&#8221;) f\u00f6reskriver de \u00f6msesidiga r\u00e4ttigheter och skyldigheter som \u00e4r f\u00f6rknippade med anv\u00e4ndningen av CasinoPuma.com webbplats (&#8221;Webbplatsen&#8221;) av anv\u00e4ndarna (kallas &#8221;Anv\u00e4ndare&#8221; eller &#8221;Du&#8221;). Vi f\u00f6rbeh\u00e5ller oss r\u00e4tten att g\u00f6ra \u00e4ndringar i dessa villkor utan f\u00f6reg\u00e5ende meddelande. Eventuella \u00e4ndringar kommer att publiceras p\u00e5 webbplatsen och, i f\u00f6rekommande fall, meddelas anv\u00e4ndarna via [&hellip;]<\/p>\n","protected":false},"author":2,"featured_media":0,"parent":0,"menu_order":0,"comment_status":"closed","ping_status":"closed","template":"","meta":{"_acf_changed":false,"footnotes":""},"class_list":["post-5914","page","type-page","status-publish","hentry"],"acf":[],"aioseo_notices":[],"_links":{"self":[{"href":"https:\/\/casinopuma.com\/sv\/wp-json\/wp\/v2\/pages\/5914","targetHints":{"allow":["GET"]}}],"collection":[{"href":"https:\/\/casinopuma.com\/sv\/wp-json\/wp\/v2\/pages"}],"about":[{"href":"https:\/\/casinopuma.com\/sv\/wp-json\/wp\/v2\/types\/page"}],"author":[{"embeddable":true,"href":"https:\/\/casinopuma.com\/sv\/wp-json\/wp\/v2\/users\/2"}],"replies":[{"embeddable":true,"href":"https:\/\/casinopuma.com\/sv\/wp-json\/wp\/v2\/comments?post=5914"}],"version-history":[{"count":1,"href":"https:\/\/casinopuma.com\/sv\/wp-json\/wp\/v2\/pages\/5914\/revisions"}],"predecessor-version":[{"id":5923,"href":"https:\/\/casinopuma.com\/sv\/wp-json\/wp\/v2\/pages\/5914\/revisions\/5923"}],"wp:attachment":[{"href":"https:\/\/casinopuma.com\/sv\/wp-json\/wp\/v2\/media?parent=5914"}],"curies":[{"name":"wp","href":"https:\/\/api.w.org\/{rel}","templated":true}]}}